{"id":16422,"date":"2026-04-16T11:27:13","date_gmt":"2026-04-16T10:27:13","guid":{"rendered":"https:\/\/festivalmed.cm-loule.pt\/?page_id=16422"},"modified":"2026-04-23T17:58:50","modified_gmt":"2026-04-23T16:58:50","slug":"lura-cv","status":"publish","type":"page","link":"https:\/\/festivalmed.cm-loule.pt\/en\/25-jun\/lura-cv\/","title":{"rendered":"Lura (CV)"},"content":{"rendered":"<div class=\"vc_row wpb_row vc_row-fluid qodef-section vc_custom_1622542805246 qodef-content-aligment-left qodef-grid-section\" style=\"\"><div class=\"clearfix qodef-section-inner\"><div class=\"qodef-section-inner-margin clearfix\"><div class=\"wpb_column vc_column_container vc_col-sm-12\"><div class=\"vc_column-inner vc_custom_1622541582114\"><div class=\"wpb_wrapper\">\n\t\t\t<!-- START imagetoppages2026 REVOLUTION SLIDER 6.5.11 --><p class=\"rs-p-wp-fix\"><\/p>\n\t\t\t<rs-module-wrap id=\"rev_slider_53_1_wrapper\" data-source=\"gallery\" style=\"visibility:hidden;background:transparent;padding:0;margin:0px auto;margin-top:0;margin-bottom:0;\">\n\t\t\t\t<rs-module id=\"rev_slider_53_1\" class=\" rs-ov-hidden\" style=\"\" data-version=\"6.5.11\">\n\t\t\t\t\t<rs-slides>\n\t\t\t\t\t\t<rs-slide style=\"position: absolute;\" data-key=\"rs-72\" data-title=\"Slide\" data-anim=\"ms:10;\" data-in=\"o:1;\" data-out=\"a:false;\">\n\t\t\t\t\t\t\t<img fetchpriority=\"high\" decoding=\"async\" src=\"\/\/festivalmed.cm-loule.pt\/wp-content\/plugins\/revslider\/public\/assets\/assets\/dummy.png\" title=\"img-site2026-bg-top\" width=\"2560\" height=\"636\" class=\"rev-slidebg tp-rs-img rs-lazyload\" data-lazyload=\"\/\/festivalmed.cm-loule.pt\/wp-content\/uploads\/2016\/09\/img-site2026-bg-top.jpg\" data-parallax=\"3\" data-panzoom=\"d:13000;ss:100;se:110;\" data-no-retina>\n<!---->\t\t\t\t\t\t<\/rs-slide>\n\t\t\t\t\t<\/rs-slides>\n\t\t\t\t<\/rs-module>\n\t\t\t\t<script type=\"text\/javascript\">\n\t\t\t\t\tsetREVStartSize({c: 'rev_slider_53_1',rl:[1240,1024,778,480],el:[300,300,200,150],gw:[1300,800,600,300],gh:[300,300,200,150],type:'standard',justify:'',layout:'fullwidth',mh:\"0\"});if (window.RS_MODULES!==undefined && window.RS_MODULES.modules!==undefined && window.RS_MODULES.modules[\"revslider531\"]!==undefined) {window.RS_MODULES.modules[\"revslider531\"].once = false;window.revapi53 = undefined;if (window.RS_MODULES.checkMinimal!==undefined) window.RS_MODULES.checkMinimal()}\n\t\t\t\t<\/script>\n\t\t\t<\/rs-module-wrap>\n\t\t\t<!-- END REVOLUTION SLIDER -->\n<\/div><\/div><\/div><\/div><\/div><\/div><div class=\"vc_row wpb_row vc_row-fluid qodef-section vc_custom_1682604908361 qodef-content-aligment-left qodef-grid-section\" style=\"\"><div class=\"clearfix qodef-section-inner\"><div class=\"qodef-section-inner-margin clearfix\"><div class=\"wpb_column vc_column_container vc_col-sm-12\"><div class=\"vc_column-inner vc_custom_1622541582114\"><div class=\"wpb_wrapper\"><div class=\"qodef-separator-holder clearfix  qodef-separator-center\">\n\t<div class=\"qodef-separator\" style=\"margin-top: 80px\"><\/div>\n<\/div>\n\n\t<div class=\"wpb_text_column wpb_content_element \" >\n\t\t<div class=\"wpb_wrapper\">\n\t\t\t<div class=\"aioseo-breadcrumbs\"><span class=\"aioseo-breadcrumb\">\n\t\t\tHome\n\t\t<\/span><\/div>\n\n\t\t<\/div>\n\t<\/div>\n<\/div><\/div><\/div><\/div><\/div><\/div><div class=\"vc_row wpb_row vc_row-fluid qodef-section vc_custom_1686774486005 qodef-content-aligment-left\" style=\"\"><div class=\"clearfix qodef-full-section-inner\"><div class=\"wpb_column vc_column_container vc_col-sm-4 vc_col-lg-6 vc_col-md-6\"><div class=\"vc_column-inner vc_custom_1682436744188\"><div class=\"wpb_wrapper\"><div class=\"qodef-separator-holder clearfix  qodef-separator-center\">\n\t<div class=\"qodef-separator\" style=\"margin-top: 80px\"><\/div>\n<\/div>\n\n\t<div  class=\"wpb_single_image wpb_content_element vc_align_left\">\n\t\t\n\t\t<figure class=\"wpb_wrapper vc_figure\">\n\t\t\t<div class=\"vc_single_image-wrapper   vc_box_border_grey\"><img decoding=\"async\" width=\"1300\" height=\"1300\" src=\"https:\/\/festivalmed.cm-loule.pt\/wp-content\/uploads\/2016\/09\/LURA-1300px.jpg\" class=\"vc_single_image-img attachment-full\" alt=\"\" srcset=\"https:\/\/festivalmed.cm-loule.pt\/wp-content\/uploads\/2016\/09\/LURA-1300px.jpg 1300w, https:\/\/festivalmed.cm-loule.pt\/wp-content\/uploads\/2016\/09\/LURA-1300px-300x300.jpg 300w, https:\/\/festivalmed.cm-loule.pt\/wp-content\/uploads\/2016\/09\/LURA-1300px-1024x1024.jpg 1024w, https:\/\/festivalmed.cm-loule.pt\/wp-content\/uploads\/2016\/09\/LURA-1300px-150x150.jpg 150w, https:\/\/festivalmed.cm-loule.pt\/wp-content\/uploads\/2016\/09\/LURA-1300px-768x768.jpg 768w, https:\/\/festivalmed.cm-loule.pt\/wp-content\/uploads\/2016\/09\/LURA-1300px-12x12.jpg 12w, https:\/\/festivalmed.cm-loule.pt\/wp-content\/uploads\/2016\/09\/LURA-1300px-550x550.jpg 550w, https:\/\/festivalmed.cm-loule.pt\/wp-content\/uploads\/2016\/09\/LURA-1300px-1000x1000.jpg 1000w, https:\/\/festivalmed.cm-loule.pt\/wp-content\/uploads\/2016\/09\/LURA-1300px-650x650.jpg 650w, https:\/\/festivalmed.cm-loule.pt\/wp-content\/uploads\/2016\/09\/LURA-1300px-400x400.jpg 400w, https:\/\/festivalmed.cm-loule.pt\/wp-content\/uploads\/2016\/09\/LURA-1300px-960x960.jpg 960w\" sizes=\"(max-width: 1300px) 100vw, 1300px\" \/><\/div>\n\t\t<\/figure>\n\t<\/div>\n\n\t<div class=\"wpb_text_column wpb_content_element \" >\n\t\t<div class=\"wpb_wrapper\">\n\t\t\t\n\t\t<\/div>\n\t<\/div>\n<\/div><\/div><\/div><div class=\"wpb_column vc_column_container vc_col-sm-4 vc_col-lg-6 vc_col-md-12\"><div class=\"vc_column-inner vc_custom_1682423289412\"><div class=\"wpb_wrapper\"><div class=\"qodef-elements-holder qodef-responsive-mode-768\" ><div class=\"qodef-elements-holder-item \" data-item-class=\"qodef-elements-holder-custom-519272\" data-1280-1440=\"17.5% 14% 0 10%\" data-1024-1280=\"13% 13% 0 9%\" data-768-1024=\"10% 13% 10.2% 8%\" data-600-768=\"10% 13% 10.2% 8%\" data-480-600=\"20% 12% 20% 10%\" data-480=\"20% 12% 20% 10%\" >\n\t<div class=\"qodef-elements-holder-item-inner\">\n\t\t<div class=\"qodef-elements-holder-item-content qodef-elements-holder-custom-519272\" style=\"padding: 10% 20% 0 12%\">\n\t\t\t<div class=\"vc_row wpb_row vc_inner vc_row-fluid qodef-section qodef-content-aligment-left\" style=\"\"><div class=\"qodef-full-section-inner\"><div class=\"wpb_column vc_column_container vc_col-sm-4\"><div class=\"vc_column-inner\"><div class=\"wpb_wrapper\"><div class=\"qodef-icon-list-item\">\n    <div class=\"qodef-icon-list-icon-holder\" style=\"padding-right:12px\">\n        <div class=\"qodef-icon-list-icon-holder-inner clearfix\">\n\t\t\t<i class=\"qodef-icon-simple-line-icon icon-location-pin \" style=\"color:#df091a;font-size:21px\"><\/i>        <\/div>\n    <\/div>\n    <p class=\"qodef-icon-list-text\" style=\"color:#123758;font-size:15px\" > Palco Cerca<\/p>\n<\/div><\/div><\/div><\/div><div class=\"wpb_column vc_column_container vc_col-sm-4\"><div class=\"vc_column-inner\"><div class=\"wpb_wrapper\"><div class=\"qodef-icon-list-item\">\n    <div class=\"qodef-icon-list-icon-holder\" style=\"padding-right:12px\">\n        <div class=\"qodef-icon-list-icon-holder-inner clearfix\">\n\t\t\t<i class=\"qodef-icon-simple-line-icon icon-calender \" style=\"color:#df091a;font-size:21px\"><\/i>        <\/div>\n    <\/div>\n    <p class=\"qodef-icon-list-text\" style=\"color:#123758;font-size:15px\" > 25 JUN<\/p>\n<\/div><\/div><\/div><\/div><div class=\"wpb_column vc_column_container vc_col-sm-4\"><div class=\"vc_column-inner\"><div class=\"wpb_wrapper\"><div class=\"qodef-icon-list-item\">\n    <div class=\"qodef-icon-list-icon-holder\" style=\"padding-right:12px\">\n        <div class=\"qodef-icon-list-icon-holder-inner clearfix\">\n\t\t\t<i class=\"qodef-icon-simple-line-icon icon-clock \" style=\"color:#df091a;font-size:21px\"><\/i>        <\/div>\n    <\/div>\n    <p class=\"qodef-icon-list-text\" style=\"color:#123758;font-size:15px\" > 23h30<\/p>\n<\/div><\/div><\/div><\/div><\/div><\/div><div class=\"qodef-separator-holder clearfix  qodef-separator-left\">\n\t<div class=\"qodef-separator\" style=\"border-color: #df091a;border-style: solid;width: 22px;border-bottom-width: 3px;margin-top: 28px;margin-bottom: 28px\"><\/div>\n<\/div>\n\n\t<div class=\"wpb_text_column wpb_content_element \" >\n\t\t<div class=\"wpb_wrapper\">\n\t\t\t<h2><span style=\"color: #123758; text-transform: uppercase;\">LURA<\/span><\/h2>\n\n\t\t<\/div>\n\t<\/div>\n\n\t<div class=\"wpb_text_column wpb_content_element \" >\n\t\t<div class=\"wpb_wrapper\">\n\t\t\t<h4><span style=\"color: #8a8a8a; text-transform: uppercase;\">(CV)<\/span><\/h4>\n\n\t\t<\/div>\n\t<\/div>\n<div class=\"qodef-separator-holder clearfix  qodef-separator-left\">\n\t<div class=\"qodef-separator\" style=\"border-color: #df091a;border-style: solid;width: 22px;border-bottom-width: 3px;margin-top: 28px;margin-bottom: 28px\"><\/div>\n<\/div>\n\n\t<div class=\"wpb_text_column wpb_content_element \" >\n\t\t<div class=\"wpb_wrapper\">\n\t\t\t<p>24 de outubro de 2024. Ang\u00e9lique Kidjo, diva maior da m\u00fasica africana, celebra 40 anos de carreira no Audit\u00f3rio da Gulbenkian. Lura \u00e9 a convidada especial deste espet\u00e1culo onde imp\u00f5e a sua carism\u00e1tica presen\u00e7a em \u201cCarnaval de S\u00e3o Vicente\u201d. Num final incendi\u00e1rio, a cantar a duas vozes o inevit\u00e1vel \u201cPata Pata\u201d de Miriam Makeba, entre a audi\u00eancia, encontra Anabela na plateia e leva-a para cima palco para terminar esta celebra\u00e7\u00e3o da m\u00fasica africana em apoteose.<\/p>\n<p>Lura \u00e9 fogo. \u00c9 sangue vulc\u00e2nico. Uma presen\u00e7a magn\u00e9tica em palco. Dan\u00e7a com f\u00faria alegre, confidencia hist\u00f3rias de bairro, puxa o p\u00fablico para a roda crioula. \u00c9 Lisboa, Paris e S\u00e3o Vicente. \u00c9 morna, fado, coladeira, funan\u00e1, batuque rebelde da di\u00e1spora, afropop, bossa nova, identidade plural t\u00e3o bem espelhada no \u00e1lbum <em>Multicolor<\/em>\u00a0(2023). Disco que inclui um dueto com Kidjo (<em>Cetam<\/em>), onde as tradi\u00e7\u00f5es cabo-verdianas surgem com novas texturas, pintadas com novas tonalidades, como se cada faixa fosse uma ilha diferente do mesmo arquip\u00e9lago emocional. Entre mensagens de autoestima como <em>Preta<\/em> (eco de Black Lives Matter).<\/p>\n<p>Adolescente corista nos anos 90, Lura saltou para o estrelato com <em>In Love <\/em>(2002) e explodiu com <em>Di Korpu Ku Alma<\/em> (2005), onde <em>Na Ri Na<\/em> se tornou hino global de alegria crioula. Sete \u00e1lbuns depois, Lura representa, uma das formas mais luminosas de cantar a di\u00e1spora cabo-verdiana com respeito pela raiz e coragem de a reinventar. Num tempo em que as identidades se cruzam e se questionam, a sua m\u00fasica mostra que se pode ser de muitos lugares sem perder o centro.<\/p>\n<p>Quando venera Ces\u00e1ria, a \u201csodade\u201d \u00e9 real, tem peso, tem textura, tem o cheiro espec\u00edfico de uma aus\u00eancia que n\u00e3o se resolve.<\/p>\n<p>No Festival MED assinala uma carreira com 30 anos de atividade que deu v\u00e1rias voltas ao mundo com uma bagagem densa.<\/p>\n\n\t\t<\/div>\n\t<\/div>\n<div class=\"qodef-separator-holder clearfix  qodef-separator-center\">\n\t<div class=\"qodef-separator\" style=\"margin-top: 30px\"><\/div>\n<\/div>\n<div class=\"qodef-boxed-icons clearfix qodef-bi-skin-light qodef-bi-8-columns\"><div class=\"qodef-boxed-icon-holder\" >\n\t<div class=\"qodef-boxed-icon\">\n\t\t\t\t\t<a href=\"https:\/\/www.instagram.com\/lura_criola\/\" target=\"_blank\">\n\t\t\t\t\t<div class=\"qodef-boxed-icon-inner\">\n\t\t\t\t\t\t\t\t\t\n    <span class=\"qodef-icon-shortcode normal\"  data-hover-color=\"#df091a\" data-color=\"#123758\">\n        \n        <span aria-hidden=\"true\" class=\"qodef-icon-font-elegant social_instagram_circle qodef-icon-element\" style=\"color: #123758;font-size:25px\" ><\/span>\n            <\/span>\n\n\t\t\t\t\t\t\t\t\t\t\t<\/div>\n\t\t\t\t\t<\/a>\n\t\t\t<\/div>\n<\/div><div class=\"qodef-boxed-icon-holder\" >\n\t<div class=\"qodef-boxed-icon\">\n\t\t\t\t\t<a href=\"https:\/\/www.facebook.com\/luraoficial\" target=\"_blank\">\n\t\t\t\t\t<div class=\"qodef-boxed-icon-inner\">\n\t\t\t\t\t\t\t\t\t\n    <span class=\"qodef-icon-shortcode normal\"  data-hover-color=\"#df091a\" data-color=\"#123758\">\n        \n        <span aria-hidden=\"true\" class=\"qodef-icon-font-elegant social_facebook_circle qodef-icon-element\" style=\"color: #123758;font-size:25px\" ><\/span>\n            <\/span>\n\n\t\t\t\t\t\t\t\t\t\t\t<\/div>\n\t\t\t\t\t<\/a>\n\t\t\t<\/div>\n<\/div><\/div>\t\t<\/div>\n\t<\/div>\n<\/div><\/div><\/div><\/div><\/div><\/div><\/div><div class=\"vc_row wpb_row vc_row-fluid qodef-section vc_custom_1682435574170 qodef-content-aligment-left\" style=\"\"><div class=\"clearfix qodef-full-section-inner\"><div class=\"wpb_column vc_column_container vc_col-sm-4 vc_col-lg-6 vc_col-md-6\"><div class=\"vc_column-inner vc_custom_1682436744188\"><div class=\"wpb_wrapper\"><div class=\"vc_row wpb_row vc_inner vc_row-fluid qodef-section qodef-content-aligment-left\" style=\"\"><div class=\"qodef-full-section-inner\"><div class=\"wpb_column vc_column_container vc_col-sm-12\"><div class=\"vc_column-inner\"><div class=\"wpb_wrapper\">\n\t<div class=\"wpb_text_column wpb_content_element  vc_custom_1776335674759\" >\n\t\t<div class=\"wpb_wrapper\">\n\t\t\t<p><iframe title=\"YouTube video player\" src=\"https:\/\/www.youtube.com\/embed\/-cr0SCDp_FQ?si=nREMaB-D_FkPfw7y\" width=\"560\" height=\"315\" frameborder=\"0\" allowfullscreen=\"allowfullscreen\"><\/iframe><\/p>\n\n\t\t<\/div>\n\t<\/div>\n<\/div><\/div><\/div><\/div><\/div><\/div><\/div><\/div><div class=\"wpb_column vc_column_container vc_col-sm-4 vc_col-lg-6 vc_col-md-12\"><div class=\"vc_column-inner vc_custom_1682423289412\"><div class=\"wpb_wrapper\"><div class=\"qodef-elements-holder qodef-responsive-mode-768\" ><div class=\"qodef-elements-holder-item \" data-item-class=\"qodef-elements-holder-custom-735161\" data-1280-1440=\"17.5% 14% 0 10%\" data-1024-1280=\"13% 13% 0 9%\" data-768-1024=\"10% 13% 10.2% 8%\" data-600-768=\"10% 13% 10.2% 8%\" data-480-600=\"20% 12% 20% 10%\" data-480=\"20% 12% 20% 10%\" >\n\t<div class=\"qodef-elements-holder-item-inner\">\n\t\t<div class=\"qodef-elements-holder-item-content qodef-elements-holder-custom-735161\" style=\"padding: 10% 20% 0 12%\">\n\t\t\t<div class=\"qodef-audio-playlist-holder\">\n\t<iframe title=\"Spotify Embed: Lura\" style=\"border-radius: 12px\" width=\"100%\" height=\"352\" frameborder=\"0\" allowfullscreen allow=\"autoplay; clipboard-write; encrypted-media; fullscreen; picture-in-picture\" loading=\"lazy\" src=\"https:\/\/open.spotify.com\/embed\/artist\/0zNTRuF4PDWOt7IGHpGyNc?si=o8T8mOUrR_mgps1RetxT8w&amp;theme=white&amp;utm_source=oembed\"><\/iframe><\/div>\n\t\t<\/div>\n\t<\/div>\n<\/div><\/div><\/div><\/div><\/div><\/div><\/div>\n","protected":false},"excerpt":{"rendered":"Home Palco Cerca 25 JUN 23h30 LURA (CV) 24 de outubro de 2024. Ang\u00e9lique Kidjo, diva maior da m\u00fasica africana,...","protected":false},"author":6,"featured_media":16425,"parent":16382,"menu_order":0,"comment_status":"closed","ping_status":"closed","template":"","meta":{"inline_featured_image":false,"_monsterinsights_skip_tracking":false,"_monsterinsights_sitenote_active":false,"_monsterinsights_sitenote_note":"","_monsterinsights_sitenote_category":0,"footnotes":""},"categories":[],"tags":[],"folder":[],"class_list":["post-16422","page","type-page","status-publish","has-post-thumbnail","hentry"],"aioseo_notices":[],"_links":{"self":[{"href":"https:\/\/festivalmed.cm-loule.pt\/en\/wp-json\/wp\/v2\/pages\/16422","targetHints":{"allow":["GET"]}}],"collection":[{"href":"https:\/\/festivalmed.cm-loule.pt\/en\/wp-json\/wp\/v2\/pages"}],"about":[{"href":"https:\/\/festivalmed.cm-loule.pt\/en\/wp-json\/wp\/v2\/types\/page"}],"author":[{"embeddable":true,"href":"https:\/\/festivalmed.cm-loule.pt\/en\/wp-json\/wp\/v2\/users\/6"}],"replies":[{"embeddable":true,"href":"https:\/\/festivalmed.cm-loule.pt\/en\/wp-json\/wp\/v2\/comments?post=16422"}],"version-history":[{"count":6,"href":"https:\/\/festivalmed.cm-loule.pt\/en\/wp-json\/wp\/v2\/pages\/16422\/revisions"}],"predecessor-version":[{"id":16683,"href":"https:\/\/festivalmed.cm-loule.pt\/en\/wp-json\/wp\/v2\/pages\/16422\/revisions\/16683"}],"up":[{"embeddable":true,"href":"https:\/\/festivalmed.cm-loule.pt\/en\/wp-json\/wp\/v2\/pages\/16382"}],"wp:featuredmedia":[{"embeddable":true,"href":"https:\/\/festivalmed.cm-loule.pt\/en\/wp-json\/wp\/v2\/media\/16425"}],"wp:attachment":[{"href":"https:\/\/festivalmed.cm-loule.pt\/en\/wp-json\/wp\/v2\/media?parent=16422"}],"wp:term":[{"taxonomy":"category","embeddable":true,"href":"https:\/\/festivalmed.cm-loule.pt\/en\/wp-json\/wp\/v2\/categories?post=16422"},{"taxonomy":"post_tag","embeddable":true,"href":"https:\/\/festivalmed.cm-loule.pt\/en\/wp-json\/wp\/v2\/tags?post=16422"},{"taxonomy":"folder","embeddable":true,"href":"https:\/\/festivalmed.cm-loule.pt\/en\/wp-json\/wp\/v2\/folder?post=16422"}],"curies":[{"name":"wp","href":"https:\/\/api.w.org\/{rel}","templated":true}]}}