{"id":16303,"date":"2025-06-20T09:55:20","date_gmt":"2025-06-20T08:55:20","guid":{"rendered":"https:\/\/festivalmed.cm-loule.pt\/?page_id=16303"},"modified":"2025-06-20T14:19:27","modified_gmt":"2025-06-20T13:19:27","slug":"med-jazz","status":"publish","type":"page","link":"https:\/\/festivalmed.cm-loule.pt\/en\/programa\/med-jazz\/","title":{"rendered":"MED JAZZ"},"content":{"rendered":"<div class=\"vc_row wpb_row vc_row-fluid qodef-section vc_custom_1622542805246 qodef-content-aligment-left qodef-grid-section\" style=\"\"><div class=\"clearfix qodef-section-inner\"><div class=\"qodef-section-inner-margin clearfix\"><div class=\"wpb_column vc_column_container vc_col-sm-12\"><div class=\"vc_column-inner vc_custom_1622541582114\"><div class=\"wpb_wrapper\">\n\t\t\t<!-- START imagetoppages25 REVOLUTION SLIDER 6.5.11 --><p class=\"rs-p-wp-fix\"><\/p>\n\t\t\t<rs-module-wrap id=\"rev_slider_47_1_wrapper\" data-source=\"gallery\" style=\"visibility:hidden;background:transparent;padding:0;margin:0px auto;margin-top:0;margin-bottom:0;\">\n\t\t\t\t<rs-module id=\"rev_slider_47_1\" class=\" rs-ov-hidden\" style=\"\" data-version=\"6.5.11\">\n\t\t\t\t\t<rs-slides>\n\t\t\t\t\t\t<rs-slide style=\"position: absolute;\" data-key=\"rs-66\" data-title=\"Slide\" data-anim=\"ms:10;\" data-in=\"o:1;\" data-out=\"a:false;\">\n\t\t\t\t\t\t\t<img fetchpriority=\"high\" decoding=\"async\" src=\"\/\/festivalmed.cm-loule.pt\/wp-content\/plugins\/revslider\/public\/assets\/assets\/dummy.png\" title=\"img-site-bg\" width=\"2560\" height=\"2090\" class=\"rev-slidebg tp-rs-img rs-lazyload\" data-lazyload=\"\/\/festivalmed.cm-loule.pt\/wp-content\/uploads\/2016\/09\/img-site-bg-scaled.jpg\" data-parallax=\"3\" data-panzoom=\"d:13000;ss:100;se:110;\" data-no-retina>\n<!---->\t\t\t\t\t\t<\/rs-slide>\n\t\t\t\t\t<\/rs-slides>\n\t\t\t\t<\/rs-module>\n\t\t\t\t<script type=\"text\/javascript\">\n\t\t\t\t\tsetREVStartSize({c: 'rev_slider_47_1',rl:[1240,1024,778,480],el:[300,300,200,150],gw:[1300,800,600,300],gh:[300,300,200,150],type:'standard',justify:'',layout:'fullwidth',mh:\"0\"});if (window.RS_MODULES!==undefined && window.RS_MODULES.modules!==undefined && window.RS_MODULES.modules[\"revslider471\"]!==undefined) {window.RS_MODULES.modules[\"revslider471\"].once = false;window.revapi47 = undefined;if (window.RS_MODULES.checkMinimal!==undefined) window.RS_MODULES.checkMinimal()}\n\t\t\t\t<\/script>\n\t\t\t<\/rs-module-wrap>\n\t\t\t<!-- END REVOLUTION SLIDER -->\n<\/div><\/div><\/div><\/div><\/div><\/div><div class=\"vc_row wpb_row vc_row-fluid qodef-section vc_custom_1682604908361 qodef-content-aligment-left qodef-grid-section\" style=\"\"><div class=\"clearfix qodef-section-inner\"><div class=\"qodef-section-inner-margin clearfix\"><div class=\"wpb_column vc_column_container vc_col-sm-12\"><div class=\"vc_column-inner vc_custom_1718718656362\"><div class=\"wpb_wrapper\"><div class=\"qodef-separator-holder clearfix  qodef-separator-center\">\n\t<div class=\"qodef-separator\" style=\"margin-top: 80px\"><\/div>\n<\/div>\n\n\t<div class=\"wpb_text_column wpb_content_element \" >\n\t\t<div class=\"wpb_wrapper\">\n\t\t\t<div class=\"aioseo-breadcrumbs\"><span class=\"aioseo-breadcrumb\">\n\t\t\tHome\n\t\t<\/span><\/div>\n\n\t\t<\/div>\n\t<\/div>\n<\/div><\/div><\/div><\/div><\/div><\/div><div class=\"vc_row wpb_row vc_row-fluid qodef-section vc_custom_1682435574170 qodef-content-aligment-left\" style=\"\"><div class=\"clearfix qodef-full-section-inner\"><div class=\"wpb_column vc_column_container vc_col-sm-4 vc_col-lg-6 vc_col-md-6\"><div class=\"vc_column-inner vc_custom_1718718671308\"><div class=\"wpb_wrapper\">\n\t<div class=\"wpb_text_column wpb_content_element \" >\n\t\t<div class=\"wpb_wrapper\">\n\t\t\t<h2><span style=\"color: #123758; text-transform: uppercase;\">MED JAZZ<\/span><\/h2>\n\n\t\t<\/div>\n\t<\/div>\n<div class=\"qodef-separator-holder clearfix  qodef-separator-left\">\n\t<div class=\"qodef-separator\" style=\"border-color: #df091a;border-style: solid;width: 22px;border-bottom-width: 3px;margin-top: 28px;margin-bottom: 28px\"><\/div>\n<\/div>\n\n\t<div class=\"wpb_text_column wpb_content_element \" >\n\t\t<div class=\"wpb_wrapper\">\n\t\t\t<p class=\"p1\"><strong>Curadoria: M\u00e1kina de Cena \/ MdC Records<\/strong><\/p>\n\n\t\t<\/div>\n\t<\/div>\n<div class=\"qodef-separator-holder clearfix  qodef-separator-left\">\n\t<div class=\"qodef-separator\" style=\"border-color: #df091a;border-style: solid;width: 22px;border-bottom-width: 3px;margin-top: 28px;margin-bottom: 28px\"><\/div>\n<\/div>\n\n\t<div class=\"wpb_text_column wpb_content_element \" >\n\t\t<div class=\"wpb_wrapper\">\n\t\t\t<p>Em 2025, o antigo palco das Bicas Velhas volta a ganhar vida com Med Jazz, celebrando a m\u00fasica e a cria\u00e7\u00e3o regional. Ap\u00f3s o sucesso do MED Jazz em 2022 e 2023 no Festival MED, esta edi\u00e7\u00e3o prop\u00f5e uma programa\u00e7\u00e3o centrada em tr\u00eas lan\u00e7amentos da editora louletana MdC Records, refor\u00e7ando o compromisso com o jazz feito no Algarve. De 26 a 28 de junho, o palco ser\u00e1 ponto de encontro para sonoridades inovadoras e envolventes.<\/p>\n\n\t\t<\/div>\n\t<\/div>\n<\/div><\/div><\/div><div class=\"wpb_column vc_column_container vc_col-sm-4 vc_col-lg-6 vc_col-md-12\"><div class=\"vc_column-inner vc_custom_1718718680291\"><div class=\"wpb_wrapper\"><div class=\"qodef-separator-holder clearfix  qodef-separator-center\">\n\t<div class=\"qodef-separator\" style=\"margin-bottom: 100px\"><\/div>\n<\/div>\n<div class=\"qodef-google-map-holder\">\n    <div class=\"qodef-google-map\" id=\"qodef-map-100513\" data-addresses='[\"R. das Bicas Velhas, 1, 8100-606 Loul\u00e9\"]' data-custom-map-style=false data-color-overlay=#393939 data-saturation=-100 data-lightness=-60 data-zoom=18 data-pin=https:\/\/festivalmed.cm-loule.pt\/wp-content\/uploads\/2023\/05\/medjazz-pin-map.png data-unique-id=100513 data-scroll-wheel=true data-height=300 data-location-map=yes><\/div>\n\t<\/div>\n<\/div><\/div><\/div><\/div><\/div><div class=\"vc_row wpb_row vc_row-fluid qodef-section vc_custom_1682435574170 qodef-content-aligment-left\" style=\"\"><div class=\"clearfix qodef-full-section-inner\"><div class=\"wpb_column vc_column_container vc_col-sm-4 vc_col-lg-6 vc_col-md-6\"><div class=\"vc_column-inner vc_custom_1718718671308\"><div class=\"wpb_wrapper\">\n\t<div class=\"wpb_text_column wpb_content_element \" >\n\t\t<div class=\"wpb_wrapper\">\n\t\t\t<h3><span style=\"color: #df091a;\">26\u00a0 jun<\/span><\/h3>\n<h4><span style=\"color: #df091a;\">23h30<\/span><\/h4>\n<h3><span style=\"color: #123758;\">ALGARVE JAZZ COLLECTIVE (PT)<\/span><\/h3>\n\n\t\t<\/div>\n\t<\/div>\n\n\t<div class=\"wpb_text_column wpb_content_element \" >\n\t\t<div class=\"wpb_wrapper\">\n\t\t\t<p>Algarve Jazz Collective \u00e9 um coletivo liderado pelo Saxofonista Desid\u00e9rio L\u00e1zaro e pelo Baixista Marco Martins, em parceria com a M\u00e1kina de Cena.<br \/>\nEm 2024 juntam-se ao grupo o trompetista Leon Baldesberger, o guitarrista Miguel Martins e o baterista Maximiliano Llanos.<br \/>\nA g\u00e9nese do projecto \u00e9 a cria\u00e7\u00e3o de um coletivo de jazz e m\u00fasica improvisada que se assume como um polo de criatividade, espontaneidade e agrega\u00e7\u00e3o, composto por m\u00fasicos oriundos, ou com fortes ra\u00edzes no Algarve.<br \/>\nA m\u00fasica do coletivo \u00e9 composta na sua totalidade por temas originais, escritos propositadamente para este projecto.<br \/>\nA sua miss\u00e3o contempla ainda a rotatividade de elementos e compositores, assim como, a forma\u00e7\u00e3o e a promo\u00e7\u00e3o deste g\u00e9nero musical.<br \/>\nPLAYGROUND \u00e9 o \u00e1lbum de estreia deste coletivo, em cuja sonoridade, vigora o carisma e influ\u00eancias de cada um dos seus elementos\/compositores, aliada a uma cumplicidade e a uma energ\u00e9tica sonoridade de grupo.<\/p>\n\n\t\t<\/div>\n\t<\/div>\n<\/div><\/div><\/div><div class=\"wpb_column vc_column_container vc_col-sm-4 vc_col-lg-6 vc_col-md-12\"><div class=\"vc_column-inner vc_custom_1718718680291\"><div class=\"wpb_wrapper\"><div class=\"qodef-separator-holder clearfix  qodef-separator-center\">\n\t<div class=\"qodef-separator\" style=\"margin-bottom: 100px\"><\/div>\n<\/div>\n\n\t<div  class=\"wpb_single_image wpb_content_element vc_align_left\">\n\t\t\n\t\t<figure class=\"wpb_wrapper vc_figure\">\n\t\t\t<div class=\"vc_single_image-wrapper   vc_box_border_grey\"><img decoding=\"async\" width=\"1024\" height=\"683\" src=\"https:\/\/festivalmed.cm-loule.pt\/wp-content\/uploads\/2025\/06\/AJC-Color-1024x683.jpg\" class=\"vc_single_image-img attachment-large\" alt=\"\" srcset=\"https:\/\/festivalmed.cm-loule.pt\/wp-content\/uploads\/2025\/06\/AJC-Color-1024x683.jpg 1024w, https:\/\/festivalmed.cm-loule.pt\/wp-content\/uploads\/2025\/06\/AJC-Color-300x200.jpg 300w, https:\/\/festivalmed.cm-loule.pt\/wp-content\/uploads\/2025\/06\/AJC-Color-768x512.jpg 768w, https:\/\/festivalmed.cm-loule.pt\/wp-content\/uploads\/2025\/06\/AJC-Color-18x12.jpg 18w, https:\/\/festivalmed.cm-loule.pt\/wp-content\/uploads\/2025\/06\/AJC-Color.jpg 1485w\" sizes=\"(max-width: 1024px) 100vw, 1024px\" \/><\/div>\n\t\t<\/figure>\n\t<\/div>\n<\/div><\/div><\/div><\/div><\/div><div class=\"vc_row wpb_row vc_row-fluid qodef-section vc_custom_1682435574170 qodef-content-aligment-left\" style=\"\"><div class=\"clearfix qodef-full-section-inner\"><div class=\"wpb_column vc_column_container vc_col-sm-4 vc_col-lg-6 vc_col-md-6\"><div class=\"vc_column-inner vc_custom_1718718671308\"><div class=\"wpb_wrapper\">\n\t<div class=\"wpb_text_column wpb_content_element \" >\n\t\t<div class=\"wpb_wrapper\">\n\t\t\t<h3><span style=\"color: #df091a;\">27\u00a0 jun<\/span><\/h3>\n<h4><span style=\"color: #df091a;\">23h30<\/span><\/h4>\n<h3><span style=\"color: #123758;\">Gon\u00e7alo Neto (PT)<\/span><\/h3>\n\n\t\t<\/div>\n\t<\/div>\n\n\t<div class=\"wpb_text_column wpb_content_element \" >\n\t\t<div class=\"wpb_wrapper\">\n\t\t\t<p>Gon\u00e7alo Neto, guitarrista oriundo de Albufeira, Algarve, realizou os estudos na Escola Superior de M\u00fasica de Lisboa, passando tamb\u00e9m pelo Conservatorium van Amsterdam na Holanda. Do seu percurso \u00e9 de salientar a participa\u00e7\u00e3o nos Home: grupo liderado pelo acordeonista Jo\u00e3o Barradas, no quarteto de Maria Jo\u00e3o e Carlos Bica e no quarteto 11:11 de Carlos Bica.<br \/>\nEm 2024 Gon\u00e7alo Neto juntou-se \u00e0 MdC Records para a edi\u00e7\u00e3o do disco Little Dinosaur.<br \/>\nEste projecto foi iniciado em 2020 por Gon\u00e7alo Neto, durante a sua estadia de 3 anos em Amsterd\u00e3o. A banda \u00e9 formada por Gon\u00e7alo Neto na guitarra e composi\u00e7\u00e3o, Mauro Cottone no contrabaixo, Jo\u00e3o Guerra na bateria, Jos\u00e9 Soares no saxofone alto e Nicol\u00f2 Ricci no saxofone tenor.<br \/>\nA m\u00fasica deste artista caminha por v\u00e1rios mundos musicais, desde o rock ao jazz e ao country\/folk, passando tamb\u00e9m por ambi\u00eancias western.<\/p>\n\n\t\t<\/div>\n\t<\/div>\n<\/div><\/div><\/div><div class=\"wpb_column vc_column_container vc_col-sm-4 vc_col-lg-6 vc_col-md-12\"><div class=\"vc_column-inner vc_custom_1718718680291\"><div class=\"wpb_wrapper\"><div class=\"qodef-separator-holder clearfix  qodef-separator-center\">\n\t<div class=\"qodef-separator\" style=\"margin-bottom: 100px\"><\/div>\n<\/div>\n\n\t<div  class=\"wpb_single_image wpb_content_element vc_align_left\">\n\t\t\n\t\t<figure class=\"wpb_wrapper vc_figure\">\n\t\t\t<div class=\"vc_single_image-wrapper   vc_box_border_grey\"><img decoding=\"async\" width=\"1024\" height=\"683\" src=\"https:\/\/festivalmed.cm-loule.pt\/wp-content\/uploads\/2025\/06\/GONC\u0327ALO_NETO_MONSATO-foto5-1024x683.jpg\" class=\"vc_single_image-img attachment-large\" alt=\"\" srcset=\"https:\/\/festivalmed.cm-loule.pt\/wp-content\/uploads\/2025\/06\/GONC\u0327ALO_NETO_MONSATO-foto5-1024x683.jpg 1024w, https:\/\/festivalmed.cm-loule.pt\/wp-content\/uploads\/2025\/06\/GONC\u0327ALO_NETO_MONSATO-foto5-300x200.jpg 300w, https:\/\/festivalmed.cm-loule.pt\/wp-content\/uploads\/2025\/06\/GONC\u0327ALO_NETO_MONSATO-foto5-768x513.jpg 768w, https:\/\/festivalmed.cm-loule.pt\/wp-content\/uploads\/2025\/06\/GONC\u0327ALO_NETO_MONSATO-foto5-1536x1025.jpg 1536w, https:\/\/festivalmed.cm-loule.pt\/wp-content\/uploads\/2025\/06\/GONC\u0327ALO_NETO_MONSATO-foto5-18x12.jpg 18w\" sizes=\"(max-width: 1024px) 100vw, 1024px\" \/><\/div>\n\t\t<\/figure>\n\t<\/div>\n<\/div><\/div><\/div><\/div><\/div><div class=\"vc_row wpb_row vc_row-fluid qodef-section vc_custom_1682435574170 qodef-content-aligment-left\" style=\"\"><div class=\"clearfix qodef-full-section-inner\"><div class=\"wpb_column vc_column_container vc_col-sm-4 vc_col-lg-6 vc_col-md-6\"><div class=\"vc_column-inner vc_custom_1718718671308\"><div class=\"wpb_wrapper\">\n\t<div class=\"wpb_text_column wpb_content_element \" >\n\t\t<div class=\"wpb_wrapper\">\n\t\t\t<h3><span style=\"color: #df091a;\">28 jun<\/span><\/h3>\n<h4><span style=\"color: #df091a;\">23h30<\/span><\/h4>\n<h3><span style=\"color: #123758;\">NEBUCHADNEZZAR GROUP \u2013 THE HEXA PROJECT (PT)<\/span><\/h3>\n\n\t\t<\/div>\n\t<\/div>\n\n\t<div class=\"wpb_text_column wpb_content_element \" >\n\t\t<div class=\"wpb_wrapper\">\n\t\t\t<p>The Hexa Project \u00e9 o mais recente trabalho criado por Nebuchadnezzar Group, que convida Leon Baldesberger e Tiago Vigia, alargando assim a sua forma\u00e7\u00e3o e amplificando a sua m\u00fasica para mais uma jornada, ao revisitar temas editados nos tr\u00eas primeiros \u00e1lbuns do grupo: Nebuchadnezzar \u2013 2015, Travellers \u2013 2019, C\u00e2ntico \u2013 2022.<br \/>\nNebuchadnezzar Group formado em 2014 por Jo\u00e3o Ferreira, Hugo Santos, Cl\u00e1udio Alves e Maximiliano Llanos, m\u00fasicos oriundos do Algarve e Lisboa, dedica-se, desde ent\u00e3o, \u00e0 composi\u00e7\u00e3o de m\u00fasica original.<br \/>\nTendo a improvisa\u00e7\u00e3o como elemento comum e constante das suas composi\u00e7\u00f5es, em The Hexa Project, o jazz serve como alicerce de uma m\u00fasica que adquire diferentes formas e caracter\u00edsticas do g\u00e9nero, revelando ainda inspira\u00e7\u00f5es variadas, que v\u00e3o desde a m\u00fasica tradicional portuguesa, ao cinema, \u00e0 m\u00fasica tradicional dos Balc\u00e3s e \u00e0 literatura.<br \/>\nEste projeto, lan\u00e7ado em 2024, apresentou-se em diversas salas de Portugal e Espanha onde foi sempre recebido com grande entusiasmo.<\/p>\n\n\t\t<\/div>\n\t<\/div>\n<\/div><\/div><\/div><div class=\"wpb_column vc_column_container vc_col-sm-4 vc_col-lg-6 vc_col-md-12\"><div class=\"vc_column-inner vc_custom_1718718680291\"><div class=\"wpb_wrapper\"><div class=\"qodef-separator-holder clearfix  qodef-separator-center\">\n\t<div class=\"qodef-separator\" style=\"margin-bottom: 100px\"><\/div>\n<\/div>\n\n\t<div  class=\"wpb_single_image wpb_content_element vc_align_left\">\n\t\t\n\t\t<figure class=\"wpb_wrapper vc_figure\">\n\t\t\t<div class=\"vc_single_image-wrapper   vc_box_border_grey\"><img loading=\"lazy\" decoding=\"async\" width=\"1024\" height=\"683\" src=\"https:\/\/festivalmed.cm-loule.pt\/wp-content\/uploads\/2025\/06\/Nebuchad-1024x683.jpg\" class=\"vc_single_image-img attachment-large\" alt=\"\" srcset=\"https:\/\/festivalmed.cm-loule.pt\/wp-content\/uploads\/2025\/06\/Nebuchad-1024x683.jpg 1024w, https:\/\/festivalmed.cm-loule.pt\/wp-content\/uploads\/2025\/06\/Nebuchad-300x200.jpg 300w, https:\/\/festivalmed.cm-loule.pt\/wp-content\/uploads\/2025\/06\/Nebuchad-768x512.jpg 768w, https:\/\/festivalmed.cm-loule.pt\/wp-content\/uploads\/2025\/06\/Nebuchad-18x12.jpg 18w, https:\/\/festivalmed.cm-loule.pt\/wp-content\/uploads\/2025\/06\/Nebuchad.jpg 1200w\" sizes=\"(max-width: 1024px) 100vw, 1024px\" \/><\/div>\n\t\t<\/figure>\n\t<\/div>\n<\/div><\/div><\/div><\/div><\/div>\n","protected":false},"excerpt":{"rendered":"Home MED JAZZ Curadoria: M\u00e1kina de Cena \/ MdC Records Em 2025, o antigo palco das Bicas Velhas volta a...","protected":false},"author":2,"featured_media":0,"parent":12479,"menu_order":0,"comment_status":"closed","ping_status":"closed","template":"","meta":{"inline_featured_image":false,"_monsterinsights_skip_tracking":false,"_monsterinsights_sitenote_active":false,"_monsterinsights_sitenote_note":"","_monsterinsights_sitenote_category":0,"footnotes":""},"categories":[342],"tags":[],"folder":[],"class_list":["post-16303","page","type-page","status-publish","hentry","category-med-jazz"],"aioseo_notices":[],"_links":{"self":[{"href":"https:\/\/festivalmed.cm-loule.pt\/en\/wp-json\/wp\/v2\/pages\/16303","targetHints":{"allow":["GET"]}}],"collection":[{"href":"https:\/\/festivalmed.cm-loule.pt\/en\/wp-json\/wp\/v2\/pages"}],"about":[{"href":"https:\/\/festivalmed.cm-loule.pt\/en\/wp-json\/wp\/v2\/types\/page"}],"author":[{"embeddable":true,"href":"https:\/\/festivalmed.cm-loule.pt\/en\/wp-json\/wp\/v2\/users\/2"}],"replies":[{"embeddable":true,"href":"https:\/\/festivalmed.cm-loule.pt\/en\/wp-json\/wp\/v2\/comments?post=16303"}],"version-history":[{"count":7,"href":"https:\/\/festivalmed.cm-loule.pt\/en\/wp-json\/wp\/v2\/pages\/16303\/revisions"}],"predecessor-version":[{"id":16315,"href":"https:\/\/festivalmed.cm-loule.pt\/en\/wp-json\/wp\/v2\/pages\/16303\/revisions\/16315"}],"up":[{"embeddable":true,"href":"https:\/\/festivalmed.cm-loule.pt\/en\/wp-json\/wp\/v2\/pages\/12479"}],"wp:attachment":[{"href":"https:\/\/festivalmed.cm-loule.pt\/en\/wp-json\/wp\/v2\/media?parent=16303"}],"wp:term":[{"taxonomy":"category","embeddable":true,"href":"https:\/\/festivalmed.cm-loule.pt\/en\/wp-json\/wp\/v2\/categories?post=16303"},{"taxonomy":"post_tag","embeddable":true,"href":"https:\/\/festivalmed.cm-loule.pt\/en\/wp-json\/wp\/v2\/tags?post=16303"},{"taxonomy":"folder","embeddable":true,"href":"https:\/\/festivalmed.cm-loule.pt\/en\/wp-json\/wp\/v2\/folder?post=16303"}],"curies":[{"name":"wp","href":"https:\/\/api.w.org\/{rel}","templated":true}]}}