{"id":15861,"date":"2025-05-14T10:45:39","date_gmt":"2025-05-14T09:45:39","guid":{"rendered":"https:\/\/festivalmed.cm-loule.pt\/?page_id=15861"},"modified":"2025-06-03T13:48:11","modified_gmt":"2025-06-03T12:48:11","slug":"dinodsantiago-tubaroes","status":"publish","type":"page","link":"https:\/\/festivalmed.cm-loule.pt\/en\/27jun\/dinodsantiago-tubaroes\/","title":{"rendered":"DINO D&#8217;SANTIAGO &#038; OS TUBAR\u00d5ES (CV)"},"content":{"rendered":"<div class=\"vc_row wpb_row vc_row-fluid qodef-section vc_custom_1622542805246 qodef-content-aligment-left qodef-grid-section\" style=\"\"><div class=\"clearfix qodef-section-inner\"><div class=\"qodef-section-inner-margin clearfix\"><div class=\"wpb_column vc_column_container vc_col-sm-12\"><div class=\"vc_column-inner vc_custom_1622541582114\"><div class=\"wpb_wrapper\">\n\t\t\t<!-- START imagetoppages25 REVOLUTION SLIDER 6.5.11 --><p class=\"rs-p-wp-fix\"><\/p>\n\t\t\t<rs-module-wrap id=\"rev_slider_47_1_wrapper\" data-source=\"gallery\" style=\"visibility:hidden;background:transparent;padding:0;margin:0px auto;margin-top:0;margin-bottom:0;\">\n\t\t\t\t<rs-module id=\"rev_slider_47_1\" class=\" rs-ov-hidden\" style=\"\" data-version=\"6.5.11\">\n\t\t\t\t\t<rs-slides>\n\t\t\t\t\t\t<rs-slide style=\"position: absolute;\" data-key=\"rs-66\" data-title=\"Slide\" data-anim=\"ms:10;\" data-in=\"o:1;\" data-out=\"a:false;\">\n\t\t\t\t\t\t\t<img fetchpriority=\"high\" decoding=\"async\" src=\"\/\/festivalmed.cm-loule.pt\/wp-content\/plugins\/revslider\/public\/assets\/assets\/dummy.png\" title=\"img-site-bg\" width=\"2560\" height=\"2090\" class=\"rev-slidebg tp-rs-img rs-lazyload\" data-lazyload=\"\/\/festivalmed.cm-loule.pt\/wp-content\/uploads\/2016\/09\/img-site-bg-scaled.jpg\" data-parallax=\"3\" data-panzoom=\"d:13000;ss:100;se:110;\" data-no-retina>\n<!---->\t\t\t\t\t\t<\/rs-slide>\n\t\t\t\t\t<\/rs-slides>\n\t\t\t\t<\/rs-module>\n\t\t\t\t<script type=\"text\/javascript\">\n\t\t\t\t\tsetREVStartSize({c: 'rev_slider_47_1',rl:[1240,1024,778,480],el:[300,300,200,150],gw:[1300,800,600,300],gh:[300,300,200,150],type:'standard',justify:'',layout:'fullwidth',mh:\"0\"});if (window.RS_MODULES!==undefined && window.RS_MODULES.modules!==undefined && window.RS_MODULES.modules[\"revslider471\"]!==undefined) {window.RS_MODULES.modules[\"revslider471\"].once = false;window.revapi47 = undefined;if (window.RS_MODULES.checkMinimal!==undefined) window.RS_MODULES.checkMinimal()}\n\t\t\t\t<\/script>\n\t\t\t<\/rs-module-wrap>\n\t\t\t<!-- END REVOLUTION SLIDER -->\n<\/div><\/div><\/div><\/div><\/div><\/div><div class=\"vc_row wpb_row vc_row-fluid qodef-section vc_custom_1682604908361 qodef-content-aligment-left qodef-grid-section\" style=\"\"><div class=\"clearfix qodef-section-inner\"><div class=\"qodef-section-inner-margin clearfix\"><div class=\"wpb_column vc_column_container vc_col-sm-12\"><div class=\"vc_column-inner vc_custom_1622541582114\"><div class=\"wpb_wrapper\"><div class=\"qodef-separator-holder clearfix  qodef-separator-center\">\n\t<div class=\"qodef-separator\" style=\"margin-top: 80px\"><\/div>\n<\/div>\n\n\t<div class=\"wpb_text_column wpb_content_element \" >\n\t\t<div class=\"wpb_wrapper\">\n\t\t\t<div class=\"aioseo-breadcrumbs\"><span class=\"aioseo-breadcrumb\">\n\t\t\tHome\n\t\t<\/span><\/div>\n\n\t\t<\/div>\n\t<\/div>\n<\/div><\/div><\/div><\/div><\/div><\/div><div class=\"vc_row wpb_row vc_row-fluid qodef-section vc_custom_1682435574170 qodef-content-aligment-left\" style=\"\"><div class=\"clearfix qodef-full-section-inner\"><div class=\"wpb_column vc_column_container vc_col-sm-4 vc_col-lg-6 vc_col-md-6\"><div class=\"vc_column-inner vc_custom_1682436744188\"><div class=\"wpb_wrapper\"><div class=\"qodef-separator-holder clearfix  qodef-separator-center\">\n\t<div class=\"qodef-separator\" style=\"margin-top: 80px\"><\/div>\n<\/div>\n\n\t<div  class=\"wpb_single_image wpb_content_element vc_align_left\">\n\t\t\n\t\t<figure class=\"wpb_wrapper vc_figure\">\n\t\t\t<div class=\"vc_single_image-wrapper   vc_box_border_grey\"><img decoding=\"async\" width=\"1300\" height=\"1300\" src=\"https:\/\/festivalmed.cm-loule.pt\/wp-content\/uploads\/2025\/06\/DinoTubaroes-final.jpg\" class=\"vc_single_image-img attachment-full\" alt=\"\" srcset=\"https:\/\/festivalmed.cm-loule.pt\/wp-content\/uploads\/2025\/06\/DinoTubaroes-final.jpg 1300w, https:\/\/festivalmed.cm-loule.pt\/wp-content\/uploads\/2025\/06\/DinoTubaroes-final-300x300.jpg 300w, https:\/\/festivalmed.cm-loule.pt\/wp-content\/uploads\/2025\/06\/DinoTubaroes-final-1024x1024.jpg 1024w, https:\/\/festivalmed.cm-loule.pt\/wp-content\/uploads\/2025\/06\/DinoTubaroes-final-150x150.jpg 150w, https:\/\/festivalmed.cm-loule.pt\/wp-content\/uploads\/2025\/06\/DinoTubaroes-final-768x768.jpg 768w, https:\/\/festivalmed.cm-loule.pt\/wp-content\/uploads\/2025\/06\/DinoTubaroes-final-12x12.jpg 12w, https:\/\/festivalmed.cm-loule.pt\/wp-content\/uploads\/2025\/06\/DinoTubaroes-final-550x550.jpg 550w, https:\/\/festivalmed.cm-loule.pt\/wp-content\/uploads\/2025\/06\/DinoTubaroes-final-1000x1000.jpg 1000w, https:\/\/festivalmed.cm-loule.pt\/wp-content\/uploads\/2025\/06\/DinoTubaroes-final-650x650.jpg 650w, https:\/\/festivalmed.cm-loule.pt\/wp-content\/uploads\/2025\/06\/DinoTubaroes-final-400x400.jpg 400w, https:\/\/festivalmed.cm-loule.pt\/wp-content\/uploads\/2025\/06\/DinoTubaroes-final-960x960.jpg 960w\" sizes=\"(max-width: 1300px) 100vw, 1300px\" \/><\/div>\n\t\t<\/figure>\n\t<\/div>\n<div class=\"qodef-separator-holder clearfix  qodef-separator-center\">\n\t<div class=\"qodef-separator\" style=\"margin-top: 30px\"><\/div>\n<\/div>\n<div class=\"vc_row wpb_row vc_inner vc_row-fluid qodef-section vc_custom_1747216871993 qodef-content-aligment-left\" style=\"\"><div class=\"qodef-full-section-inner\"><div class=\"wpb_column vc_column_container vc_col-sm-12\"><div class=\"vc_column-inner vc_custom_1747216810014\"><div class=\"wpb_wrapper\">\n\t<div class=\"wpb_text_column wpb_content_element  vc_custom_1747213874082\" >\n\t\t<div class=\"wpb_wrapper\">\n\t\t\t<p><iframe src=\"https:\/\/www.youtube.com\/embed\/udRPa46Vp7c?si=qjCJMSF_cf2_WiWn\" width=\"560\" height=\"315\" frameborder=\"0\" allowfullscreen=\"allowfullscreen\" data-mce-fragment=\"1\"><span data-mce-type=\"bookmark\" style=\"display: inline-block; width: 0px; overflow: hidden; line-height: 0;\" class=\"mce_SELRES_start\">\ufeff<\/span><span data-mce-type=\"bookmark\" style=\"display: inline-block; width: 0px; overflow: hidden; line-height: 0;\" class=\"mce_SELRES_start\">\ufeff<\/span><span data-mce-type=\"bookmark\" style=\"display: inline-block; width: 0px; overflow: hidden; line-height: 0;\" class=\"mce_SELRES_start\">\ufeff<\/span><\/iframe><\/p>\n\n\t\t<\/div>\n\t<\/div>\n<\/div><\/div><\/div><\/div><\/div><div class=\"vc_row wpb_row vc_inner vc_row-fluid qodef-section vc_custom_1747216902592 qodef-content-aligment-left\" style=\"\"><div class=\"qodef-full-section-inner\"><div class=\"wpb_column vc_column_container vc_col-sm-6\"><div class=\"vc_column-inner\"><div class=\"wpb_wrapper\"><div class=\"qodef-audio-playlist-holder\">\n\t<iframe title=\"Spotify Embed: Os Tubar\u00f5es\" style=\"border-radius: 12px\" width=\"100%\" height=\"352\" frameborder=\"0\" allowfullscreen allow=\"autoplay; clipboard-write; encrypted-media; fullscreen; picture-in-picture\" loading=\"lazy\" src=\"https:\/\/open.spotify.com\/embed\/artist\/7k1xtKMpdzF4wUttO6nv1f?si=rOrRip99QfCbJYHh6K6Z2A&amp;theme=white&amp;utm_source=oembed\"><\/iframe><\/div>\n<\/div><\/div><\/div><div class=\"wpb_column vc_column_container vc_col-sm-6\"><div class=\"vc_column-inner\"><div class=\"wpb_wrapper\"><div class=\"qodef-audio-playlist-holder\">\n\t<iframe title=\"Spotify Embed: Dino d&amp;apos;Santiago\" style=\"border-radius: 12px\" width=\"100%\" height=\"352\" frameborder=\"0\" allowfullscreen allow=\"autoplay; clipboard-write; encrypted-media; fullscreen; picture-in-picture\" loading=\"lazy\" src=\"https:\/\/open.spotify.com\/embed\/artist\/7qb2GMJaX4HeXqqPPyYdlr?si=mN8rpk5nSmKAjEVAp2QZkQ&amp;theme=white&amp;utm_source=oembed\"><\/iframe><\/div>\n<\/div><\/div><\/div><\/div><\/div><\/div><\/div><\/div><div class=\"wpb_column vc_column_container vc_col-sm-4 vc_col-lg-6 vc_col-md-12\"><div class=\"vc_column-inner vc_custom_1682423289412\"><div class=\"wpb_wrapper\"><div class=\"qodef-elements-holder qodef-responsive-mode-768\" ><div class=\"qodef-elements-holder-item \" data-item-class=\"qodef-elements-holder-custom-977213\" data-1280-1440=\"17.5% 14% 0 10%\" data-1024-1280=\"13% 13% 0 9%\" data-768-1024=\"10% 13% 10.2% 8%\" data-600-768=\"10% 13% 10.2% 8%\" data-480-600=\"20% 12% 20% 10%\" data-480=\"20% 12% 20% 10%\" >\n\t<div class=\"qodef-elements-holder-item-inner\">\n\t\t<div class=\"qodef-elements-holder-item-content qodef-elements-holder-custom-977213\" style=\"padding: 10% 20% 0 12%\">\n\t\t\t<div class=\"vc_row wpb_row vc_inner vc_row-fluid qodef-section qodef-content-aligment-left\" style=\"\"><div class=\"qodef-full-section-inner\"><div class=\"wpb_column vc_column_container vc_col-sm-4\"><div class=\"vc_column-inner\"><div class=\"wpb_wrapper\"><div class=\"qodef-icon-list-item\">\n    <div class=\"qodef-icon-list-icon-holder\" style=\"padding-right:12px\">\n        <div class=\"qodef-icon-list-icon-holder-inner clearfix\">\n\t\t\t<i class=\"qodef-icon-simple-line-icon icon-location-pin \" style=\"color:#df091a;font-size:21px\"><\/i>        <\/div>\n    <\/div>\n    <p class=\"qodef-icon-list-text\" style=\"color:#123758;font-size:15px\" > Palco Matriz<\/p>\n<\/div><\/div><\/div><\/div><div class=\"wpb_column vc_column_container vc_col-sm-4\"><div class=\"vc_column-inner\"><div class=\"wpb_wrapper\"><div class=\"qodef-icon-list-item\">\n    <div class=\"qodef-icon-list-icon-holder\" style=\"padding-right:12px\">\n        <div class=\"qodef-icon-list-icon-holder-inner clearfix\">\n\t\t\t<i class=\"qodef-icon-simple-line-icon icon-calender \" style=\"color:#df091a;font-size:21px\"><\/i>        <\/div>\n    <\/div>\n    <p class=\"qodef-icon-list-text\" style=\"color:#123758;font-size:15px\" > 28 JUN<\/p>\n<\/div><\/div><\/div><\/div><div class=\"wpb_column vc_column_container vc_col-sm-4\"><div class=\"vc_column-inner\"><div class=\"wpb_wrapper\"><div class=\"qodef-icon-list-item\">\n    <div class=\"qodef-icon-list-icon-holder\" style=\"padding-right:12px\">\n        <div class=\"qodef-icon-list-icon-holder-inner clearfix\">\n\t\t\t<i class=\"qodef-icon-simple-line-icon icon-clock \" style=\"color:#df091a;font-size:21px\"><\/i>        <\/div>\n    <\/div>\n    <p class=\"qodef-icon-list-text\" style=\"color:#123758;font-size:15px\" > 00h15<\/p>\n<\/div><\/div><\/div><\/div><\/div><\/div><div class=\"qodef-separator-holder clearfix  qodef-separator-left\">\n\t<div class=\"qodef-separator\" style=\"border-color: #df091a;border-style: solid;width: 22px;border-bottom-width: 3px;margin-top: 28px;margin-bottom: 28px\"><\/div>\n<\/div>\n\n\t<div class=\"wpb_text_column wpb_content_element \" >\n\t\t<div class=\"wpb_wrapper\">\n\t\t\t<h2><span style=\"color: #123758; text-transform: uppercase;\">Dino D&#8217;Santiago &amp; Os Tubar\u00f5es<\/span><\/h2>\n\n\t\t<\/div>\n\t<\/div>\n\n\t<div class=\"wpb_text_column wpb_content_element \" >\n\t\t<div class=\"wpb_wrapper\">\n\t\t\t<h4><span style=\"color: #8a8a8a; text-transform: uppercase;\">(Cv)<\/span><\/h4>\n\n\t\t<\/div>\n\t<\/div>\n<div class=\"qodef-separator-holder clearfix  qodef-separator-left\">\n\t<div class=\"qodef-separator\" style=\"border-color: #df091a;border-style: solid;width: 22px;border-bottom-width: 3px;margin-top: 28px;margin-bottom: 28px\"><\/div>\n<\/div>\n\n\t<div class=\"wpb_text_column wpb_content_element \" >\n\t\t<div class=\"wpb_wrapper\">\n\t\t\t<p>Em 1979, j\u00e1 com Cabo Verde independente, os m\u00edticos Os Tubar\u00f5es editaram \u201cDjonsinho Cabral\u201d, tema que abria um \u00e1lbum hom\u00f3nimo, com Ildo Lobo a assegurar a memor\u00e1vel presta\u00e7\u00e3o vocal. Em 2013, Dino D\u2019Santiago, ent\u00e3o noutra fase da sua ent\u00e3o ainda emergente carreira, lan\u00e7ava \u201cEva\u201d, disco em que partia ao encontro das suas ra\u00edzes em Cabo Verde e em que inclu\u00eda, precisamente, uma vers\u00e3o desse enorme cl\u00e1ssico de Os Tubar\u00f5es. Dez anos depois, Dino regressou a \u201cEva\u201d, regravou o report\u00f3rio, mas com um toque especial: a sua vers\u00e3o de \u201cDjonsinho Cabral\u201d dessa vez foi gravada em conjunto com Os Tubar\u00f5es, \u201cum sonho tornado realidade\u201d, explicaria o artista algarvio.<\/p>\n<p>Nos \u00faltimos anos, com \u00e1lbuns como \u201cBadiu\u201d, \u201cKriola\u201d ou \u201cMundu N\u00f4bu\u201d, Dino afirmou-se como uma das mais importantes, urgentes e criativas vozes nacionais, abrindo um novo caminho na m\u00fasica, fundindo a tradi\u00e7\u00e3o e o futuro com um balan\u00e7o singular que o levou a importantes palcos e plataformas internacionais, como foi o caso do not\u00f3rio \u201cA Colors Show\u201d onde interpretou \u201cMorna\u201d. Os Tubar\u00f5es, por seu lado, s\u00e3o uma verdadeira institui\u00e7\u00e3o, um s\u00edmbolo perene da m\u00fasica de Cabo Verde. Al\u00e9m do cl\u00e1ssico \u00e1lbum \u201cDjonsinho Cabral\u201d lan\u00e7aram v\u00e1rios outros discos importantes como \u201cP\u00e9p\u00e9 Lopi\u201d (1976), \u201cTabanca\u201d (1980), \u201cB\u00f4te Br\u00f3ce e Linha\u201d (1989) ou \u201cPorton D\u2019N\u00f3s Ilha\u201d, num percurso absolutamente brilhante que atravessa meio s\u00e9culo. Neste concerto colaborativo estar\u00e3o duas entidades de duas eras distintas, portanto, num importante encontro de gera\u00e7\u00f5es que pretende celebrar atrav\u00e9s da m\u00fasica a alma e a identidade de um povo, a sua di\u00e1spora, os seus sonhos e anseios.<\/p>\n\n\t\t<\/div>\n\t<\/div>\n<div class=\"qodef-separator-holder clearfix  qodef-separator-center\">\n\t<div class=\"qodef-separator\" style=\"margin-top: 30px\"><\/div>\n<\/div>\n<div class=\"vc_row wpb_row vc_inner vc_row-fluid qodef-section qodef-content-aligment-left\" style=\"\"><div class=\"qodef-full-section-inner\"><div class=\"wpb_column vc_column_container vc_col-sm-6\"><div class=\"vc_column-inner\"><div class=\"wpb_wrapper\">\n\t<div class=\"wpb_text_column wpb_content_element \" >\n\t\t<div class=\"wpb_wrapper\">\n\t\t\t<p><span style=\"font-size: 10pt;\">Os Tubar\u00f5es<\/span><\/p>\n\n\t\t<\/div>\n\t<\/div>\n<div class=\"qodef-boxed-icons clearfix qodef-bi-4-columns\"><div class=\"qodef-boxed-icon-holder\" style=\"background-color:rgba(0,0,0,0.01)\">\n\t<div class=\"qodef-boxed-icon\">\n\t\t\t\t\t<a href=\"https:\/\/www.facebook.com\/ostubaroescv\" target=\"_blank\">\n\t\t\t\t\t<div class=\"qodef-boxed-icon-inner\">\n\t\t\t\t\t\t\t\t\t\n    <span class=\"qodef-icon-shortcode normal\"  data-hover-color=\"#df091a\" data-color=\"#123758\">\n        \n        <span aria-hidden=\"true\" class=\"qodef-icon-font-elegant social_facebook_circle qodef-icon-element\" style=\"color: #123758;font-size:25px\" ><\/span>\n            <\/span>\n\n\t\t\t\t\t\t\t\t\t\t\t<\/div>\n\t\t\t\t\t<\/a>\n\t\t\t<\/div>\n<\/div><\/div><\/div><\/div><\/div><div class=\"wpb_column vc_column_container vc_col-sm-6\"><div class=\"vc_column-inner\"><div class=\"wpb_wrapper\">\n\t<div class=\"wpb_text_column wpb_content_element \" >\n\t\t<div class=\"wpb_wrapper\">\n\t\t\t<p><span style=\"font-size: 10pt;\">Dino D&#8217;Santiago<\/span><\/p>\n\n\t\t<\/div>\n\t<\/div>\n<div class=\"qodef-boxed-icons clearfix qodef-bi-4-columns\"><div class=\"qodef-boxed-icon-holder\" style=\"background-color:rgba(0,0,0,0.01)\">\n\t<div class=\"qodef-boxed-icon\">\n\t\t\t\t\t<a href=\"https:\/\/www.instagram.com\/dinodsantiago\/\" target=\"_blank\">\n\t\t\t\t\t<div class=\"qodef-boxed-icon-inner\">\n\t\t\t\t\t\t\t\t\t\n    <span class=\"qodef-icon-shortcode normal\"  data-hover-color=\"#df091a\" data-color=\"#123758\">\n        \n        <span aria-hidden=\"true\" class=\"qodef-icon-font-elegant social_instagram_circle qodef-icon-element\" style=\"color: #123758;font-size:25px\" ><\/span>\n            <\/span>\n\n\t\t\t\t\t\t\t\t\t\t\t<\/div>\n\t\t\t\t\t<\/a>\n\t\t\t<\/div>\n<\/div><div class=\"qodef-boxed-icon-holder\" style=\"background-color:rgba(0,0,0,0.01)\">\n\t<div class=\"qodef-boxed-icon\">\n\t\t\t\t\t<a href=\"https:\/\/www.facebook.com\/DinoDSantiago\" target=\"_blank\">\n\t\t\t\t\t<div class=\"qodef-boxed-icon-inner\">\n\t\t\t\t\t\t\t\t\t\n    <span class=\"qodef-icon-shortcode normal\"  data-hover-color=\"#df091a\" data-color=\"#123758\">\n        \n        <span aria-hidden=\"true\" class=\"qodef-icon-font-elegant social_facebook_circle qodef-icon-element\" style=\"color: #123758;font-size:25px\" ><\/span>\n            <\/span>\n\n\t\t\t\t\t\t\t\t\t\t\t<\/div>\n\t\t\t\t\t<\/a>\n\t\t\t<\/div>\n<\/div><\/div><\/div><\/div><\/div><\/div><\/div>\t\t<\/div>\n\t<\/div>\n<\/div><\/div><\/div><\/div><\/div><\/div><\/div><div class=\"vc_row wpb_row vc_row-fluid qodef-section vc_custom_1682435574170 qodef-content-aligment-left\" style=\"\"><div class=\"clearfix qodef-full-section-inner\"><div class=\"wpb_column vc_column_container vc_col-sm-4 vc_col-lg-6 vc_col-md-6\"><div class=\"vc_column-inner vc_custom_1682436744188\"><div class=\"wpb_wrapper\"><\/div><\/div><\/div><div class=\"wpb_column vc_column_container vc_col-sm-4 vc_col-lg-6 vc_col-md-12\"><div class=\"vc_column-inner vc_custom_1682423289412\"><div class=\"wpb_wrapper\"><\/div><\/div><\/div><\/div><\/div>\n","protected":false},"excerpt":{"rendered":"Home \ufeff\ufeff\ufeff Palco Matriz 28 JUN 00h15 Dino D'Santiago &amp; Os Tubar\u00f5es (Cv) Em 1979, j\u00e1 com Cabo Verde independente,...","protected":false},"author":5,"featured_media":16264,"parent":14009,"menu_order":0,"comment_status":"closed","ping_status":"closed","template":"","meta":{"inline_featured_image":false,"_monsterinsights_skip_tracking":false,"_monsterinsights_sitenote_active":false,"_monsterinsights_sitenote_note":"","_monsterinsights_sitenote_category":0,"footnotes":""},"categories":[229,231],"tags":[],"folder":[],"class_list":["post-15861","page","type-page","status-publish","has-post-thumbnail","hentry","category-jun-28","category-palco-matriz"],"aioseo_notices":[],"_links":{"self":[{"href":"https:\/\/festivalmed.cm-loule.pt\/en\/wp-json\/wp\/v2\/pages\/15861","targetHints":{"allow":["GET"]}}],"collection":[{"href":"https:\/\/festivalmed.cm-loule.pt\/en\/wp-json\/wp\/v2\/pages"}],"about":[{"href":"https:\/\/festivalmed.cm-loule.pt\/en\/wp-json\/wp\/v2\/types\/page"}],"author":[{"embeddable":true,"href":"https:\/\/festivalmed.cm-loule.pt\/en\/wp-json\/wp\/v2\/users\/5"}],"replies":[{"embeddable":true,"href":"https:\/\/festivalmed.cm-loule.pt\/en\/wp-json\/wp\/v2\/comments?post=15861"}],"version-history":[{"count":9,"href":"https:\/\/festivalmed.cm-loule.pt\/en\/wp-json\/wp\/v2\/pages\/15861\/revisions"}],"predecessor-version":[{"id":16265,"href":"https:\/\/festivalmed.cm-loule.pt\/en\/wp-json\/wp\/v2\/pages\/15861\/revisions\/16265"}],"up":[{"embeddable":true,"href":"https:\/\/festivalmed.cm-loule.pt\/en\/wp-json\/wp\/v2\/pages\/14009"}],"wp:featuredmedia":[{"embeddable":true,"href":"https:\/\/festivalmed.cm-loule.pt\/en\/wp-json\/wp\/v2\/media\/16264"}],"wp:attachment":[{"href":"https:\/\/festivalmed.cm-loule.pt\/en\/wp-json\/wp\/v2\/media?parent=15861"}],"wp:term":[{"taxonomy":"category","embeddable":true,"href":"https:\/\/festivalmed.cm-loule.pt\/en\/wp-json\/wp\/v2\/categories?post=15861"},{"taxonomy":"post_tag","embeddable":true,"href":"https:\/\/festivalmed.cm-loule.pt\/en\/wp-json\/wp\/v2\/tags?post=15861"},{"taxonomy":"folder","embeddable":true,"href":"https:\/\/festivalmed.cm-loule.pt\/en\/wp-json\/wp\/v2\/folder?post=15861"}],"curies":[{"name":"wp","href":"https:\/\/api.w.org\/{rel}","templated":true}]}}