{"id":15710,"date":"2025-05-12T11:00:23","date_gmt":"2025-05-12T10:00:23","guid":{"rendered":"https:\/\/festivalmed.cm-loule.pt\/?page_id=15710"},"modified":"2025-05-30T09:31:11","modified_gmt":"2025-05-30T08:31:11","slug":"carminho","status":"publish","type":"page","link":"https:\/\/festivalmed.cm-loule.pt\/en\/26-jun\/carminho\/","title":{"rendered":"CARMINHO (PT)"},"content":{"rendered":"<div class=\"vc_row wpb_row vc_row-fluid qodef-section vc_custom_1622542805246 qodef-content-aligment-left qodef-grid-section\" style=\"\"><div class=\"clearfix qodef-section-inner\"><div class=\"qodef-section-inner-margin clearfix\"><div class=\"wpb_column vc_column_container vc_col-sm-12\"><div class=\"vc_column-inner vc_custom_1622541582114\"><div class=\"wpb_wrapper\">\n\t\t\t<!-- START imagetoppages25 REVOLUTION SLIDER 6.5.11 --><p class=\"rs-p-wp-fix\"><\/p>\n\t\t\t<rs-module-wrap id=\"rev_slider_47_1_wrapper\" data-source=\"gallery\" style=\"visibility:hidden;background:transparent;padding:0;margin:0px auto;margin-top:0;margin-bottom:0;\">\n\t\t\t\t<rs-module id=\"rev_slider_47_1\" class=\" rs-ov-hidden\" style=\"\" data-version=\"6.5.11\">\n\t\t\t\t\t<rs-slides>\n\t\t\t\t\t\t<rs-slide style=\"position: absolute;\" data-key=\"rs-66\" data-title=\"Slide\" data-anim=\"ms:10;\" data-in=\"o:1;\" data-out=\"a:false;\">\n\t\t\t\t\t\t\t<img fetchpriority=\"high\" decoding=\"async\" src=\"\/\/festivalmed.cm-loule.pt\/wp-content\/plugins\/revslider\/public\/assets\/assets\/dummy.png\" title=\"img-site-bg\" width=\"2560\" height=\"2090\" class=\"rev-slidebg tp-rs-img rs-lazyload\" data-lazyload=\"\/\/festivalmed.cm-loule.pt\/wp-content\/uploads\/2016\/09\/img-site-bg-scaled.jpg\" data-parallax=\"3\" data-panzoom=\"d:13000;ss:100;se:110;\" data-no-retina>\n<!---->\t\t\t\t\t\t<\/rs-slide>\n\t\t\t\t\t<\/rs-slides>\n\t\t\t\t<\/rs-module>\n\t\t\t\t<script type=\"text\/javascript\">\n\t\t\t\t\tsetREVStartSize({c: 'rev_slider_47_1',rl:[1240,1024,778,480],el:[300,300,200,150],gw:[1300,800,600,300],gh:[300,300,200,150],type:'standard',justify:'',layout:'fullwidth',mh:\"0\"});if (window.RS_MODULES!==undefined && window.RS_MODULES.modules!==undefined && window.RS_MODULES.modules[\"revslider471\"]!==undefined) {window.RS_MODULES.modules[\"revslider471\"].once = false;window.revapi47 = undefined;if (window.RS_MODULES.checkMinimal!==undefined) window.RS_MODULES.checkMinimal()}\n\t\t\t\t<\/script>\n\t\t\t<\/rs-module-wrap>\n\t\t\t<!-- END REVOLUTION SLIDER -->\n<\/div><\/div><\/div><\/div><\/div><\/div><div class=\"vc_row wpb_row vc_row-fluid qodef-section vc_custom_1682604908361 qodef-content-aligment-left qodef-grid-section\" style=\"\"><div class=\"clearfix qodef-section-inner\"><div class=\"qodef-section-inner-margin clearfix\"><div class=\"wpb_column vc_column_container vc_col-sm-12\"><div class=\"vc_column-inner vc_custom_1622541582114\"><div class=\"wpb_wrapper\"><div class=\"qodef-separator-holder clearfix  qodef-separator-center\">\n\t<div class=\"qodef-separator\" style=\"margin-top: 80px\"><\/div>\n<\/div>\n\n\t<div class=\"wpb_text_column wpb_content_element \" >\n\t\t<div class=\"wpb_wrapper\">\n\t\t\t<div class=\"aioseo-breadcrumbs\"><span class=\"aioseo-breadcrumb\">\n\t\t\tHome\n\t\t<\/span><\/div>\n\n\t\t<\/div>\n\t<\/div>\n<\/div><\/div><\/div><\/div><\/div><\/div><div class=\"vc_row wpb_row vc_row-fluid qodef-section vc_custom_1682435574170 qodef-content-aligment-left\" style=\"\"><div class=\"clearfix qodef-full-section-inner\"><div class=\"wpb_column vc_column_container vc_col-sm-4 vc_col-lg-6 vc_col-md-6\"><div class=\"vc_column-inner vc_custom_1682436744188\"><div class=\"wpb_wrapper\"><div class=\"qodef-separator-holder clearfix  qodef-separator-center\">\n\t<div class=\"qodef-separator\" style=\"margin-top: 80px\"><\/div>\n<\/div>\n\n\t<div  class=\"wpb_single_image wpb_content_element vc_align_left\">\n\t\t\n\t\t<figure class=\"wpb_wrapper vc_figure\">\n\t\t\t<div class=\"vc_single_image-wrapper   vc_box_border_grey\"><img decoding=\"async\" width=\"1300\" height=\"1300\" src=\"https:\/\/festivalmed.cm-loule.pt\/wp-content\/uploads\/2025\/05\/Carminho.jpg\" class=\"vc_single_image-img attachment-full\" alt=\"\" srcset=\"https:\/\/festivalmed.cm-loule.pt\/wp-content\/uploads\/2025\/05\/Carminho.jpg 1300w, https:\/\/festivalmed.cm-loule.pt\/wp-content\/uploads\/2025\/05\/Carminho-300x300.jpg 300w, https:\/\/festivalmed.cm-loule.pt\/wp-content\/uploads\/2025\/05\/Carminho-1024x1024.jpg 1024w, https:\/\/festivalmed.cm-loule.pt\/wp-content\/uploads\/2025\/05\/Carminho-150x150.jpg 150w, https:\/\/festivalmed.cm-loule.pt\/wp-content\/uploads\/2025\/05\/Carminho-768x768.jpg 768w, https:\/\/festivalmed.cm-loule.pt\/wp-content\/uploads\/2025\/05\/Carminho-12x12.jpg 12w, https:\/\/festivalmed.cm-loule.pt\/wp-content\/uploads\/2025\/05\/Carminho-550x550.jpg 550w, https:\/\/festivalmed.cm-loule.pt\/wp-content\/uploads\/2025\/05\/Carminho-1000x1000.jpg 1000w, https:\/\/festivalmed.cm-loule.pt\/wp-content\/uploads\/2025\/05\/Carminho-650x650.jpg 650w, https:\/\/festivalmed.cm-loule.pt\/wp-content\/uploads\/2025\/05\/Carminho-400x400.jpg 400w, https:\/\/festivalmed.cm-loule.pt\/wp-content\/uploads\/2025\/05\/Carminho-960x960.jpg 960w\" sizes=\"(max-width: 1300px) 100vw, 1300px\" \/><\/div>\n\t\t<\/figure>\n\t<\/div>\n<\/div><\/div><\/div><div class=\"wpb_column vc_column_container vc_col-sm-4 vc_col-lg-6 vc_col-md-12\"><div class=\"vc_column-inner vc_custom_1682423289412\"><div class=\"wpb_wrapper\"><div class=\"qodef-elements-holder qodef-responsive-mode-768\" ><div class=\"qodef-elements-holder-item \" data-item-class=\"qodef-elements-holder-custom-997574\" data-1280-1440=\"17.5% 14% 0 10%\" data-1024-1280=\"13% 13% 0 9%\" data-768-1024=\"10% 13% 10.2% 8%\" data-600-768=\"10% 13% 10.2% 8%\" data-480-600=\"20% 12% 20% 10%\" data-480=\"20% 12% 20% 10%\" >\n\t<div class=\"qodef-elements-holder-item-inner\">\n\t\t<div class=\"qodef-elements-holder-item-content qodef-elements-holder-custom-997574\" style=\"padding: 10% 20% 0 12%\">\n\t\t\t<div class=\"vc_row wpb_row vc_inner vc_row-fluid qodef-section qodef-content-aligment-left\" style=\"\"><div class=\"qodef-full-section-inner\"><div class=\"wpb_column vc_column_container vc_col-sm-4\"><div class=\"vc_column-inner\"><div class=\"wpb_wrapper\"><div class=\"qodef-icon-list-item\">\n    <div class=\"qodef-icon-list-icon-holder\" style=\"padding-right:12px\">\n        <div class=\"qodef-icon-list-icon-holder-inner clearfix\">\n\t\t\t<i class=\"qodef-icon-simple-line-icon icon-location-pin \" style=\"color:#df091a;font-size:21px\"><\/i>        <\/div>\n    <\/div>\n    <p class=\"qodef-icon-list-text\" style=\"color:#123758;font-size:15px\" > Palco Matriz<\/p>\n<\/div><\/div><\/div><\/div><div class=\"wpb_column vc_column_container vc_col-sm-4\"><div class=\"vc_column-inner\"><div class=\"wpb_wrapper\"><div class=\"qodef-icon-list-item\">\n    <div class=\"qodef-icon-list-icon-holder\" style=\"padding-right:12px\">\n        <div class=\"qodef-icon-list-icon-holder-inner clearfix\">\n\t\t\t<i class=\"qodef-icon-simple-line-icon icon-calender \" style=\"color:#df091a;font-size:21px\"><\/i>        <\/div>\n    <\/div>\n    <p class=\"qodef-icon-list-text\" style=\"color:#123758;font-size:15px\" > 26 JUN<\/p>\n<\/div><\/div><\/div><\/div><div class=\"wpb_column vc_column_container vc_col-sm-4\"><div class=\"vc_column-inner\"><div class=\"wpb_wrapper\"><div class=\"qodef-icon-list-item\">\n    <div class=\"qodef-icon-list-icon-holder\" style=\"padding-right:12px\">\n        <div class=\"qodef-icon-list-icon-holder-inner clearfix\">\n\t\t\t<i class=\"qodef-icon-simple-line-icon icon-clock \" style=\"color:#df091a;font-size:21px\"><\/i>        <\/div>\n    <\/div>\n    <p class=\"qodef-icon-list-text\" style=\"color:#123758;font-size:15px\" > 22h15<\/p>\n<\/div><\/div><\/div><\/div><\/div><\/div><div class=\"qodef-separator-holder clearfix  qodef-separator-left\">\n\t<div class=\"qodef-separator\" style=\"border-color: #df091a;border-style: solid;width: 22px;border-bottom-width: 3px;margin-top: 28px;margin-bottom: 28px\"><\/div>\n<\/div>\n\n\t<div class=\"wpb_text_column wpb_content_element \" >\n\t\t<div class=\"wpb_wrapper\">\n\t\t\t<h2><span style=\"color: #123758; text-transform: uppercase;\">carminho<\/span><\/h2>\n\n\t\t<\/div>\n\t<\/div>\n\n\t<div class=\"wpb_text_column wpb_content_element \" >\n\t\t<div class=\"wpb_wrapper\">\n\t\t\t<h4><span style=\"color: #8a8a8a; text-transform: uppercase;\">(PT)<\/span><\/h4>\n\n\t\t<\/div>\n\t<\/div>\n<div class=\"qodef-separator-holder clearfix  qodef-separator-left\">\n\t<div class=\"qodef-separator\" style=\"border-color: #df091a;border-style: solid;width: 22px;border-bottom-width: 3px;margin-top: 28px;margin-bottom: 28px\"><\/div>\n<\/div>\n\n\t<div class=\"wpb_text_column wpb_content_element \" >\n\t\t<div class=\"wpb_wrapper\">\n\t\t\t<p>A carreira de Carminho tem justa dimens\u00e3o internacional porque a escala do seu talento n\u00e3o pode ser contida por fronteiras, como bem demonstrou quando recentemente foi selecionada para se apresentar na famosa s\u00e9rie <em>Tiny Desk Concert<\/em> da norte-americana NPR, ombreando assim com algumas das maiores estrelas globais. A passagem da fadista de Lisboa pelos Estados Unidos da Am\u00e9rica para t\u00e3o importante apresenta\u00e7\u00e3o aconteceu na sequ\u00eancia da edi\u00e7\u00e3o do seu \u00faltimo projeto, um EP de quatro can\u00e7\u00f5es gravado no Electrical Audio, o m\u00edtico est\u00fadio do malogrado produtor Steve Albini, que faleceu inesperadamente alguns meses antes do disco ter visto a luz do dia.\u00a0\u201c<em>Car<\/em><em>minho at Electrical Audio<\/em>\u201d tem como faixa inaugural \u201cOs Argonautas\u201d, um tema cl\u00e1ssico de Caetano Veloso, lenda da m\u00fasica brasileira que contracena com a portuguesa nesta mais recente vers\u00e3o.<\/p>\n<p>A ideia de escutar a voz de Carminho \u201cnas m\u00e3os\u201d de um produtor t\u00e3o conceituado dentro da esfera mais alternativa do rock n\u00e3o estaria, muito provavelmente, na cabe\u00e7a de praticamente ningu\u00e9m que tem acompanhado o seu trabalho. Mas a verdade \u00e9 que, como revelou em diversas entrevistas, a fadista \u00e9 admiradora h\u00e1 muito do trabalho que Albini fez com bandas como Nirvana ou Pixies e artistas como PJ Harvey que aponta como grande refer\u00eancia. A fadista que se notabilizou em trabalhos como \u201cPortuguesa\u201d, \u201cMaria\u201d ou \u201cCanto\u201d, \u201cAlma\u201d e \u201cFado\u201d tem um dos mais s\u00f3lidos e rigorosos percursos pela m\u00fasica que \u00e9 hoje Patrim\u00f3nio Imaterial da Humanidade.<\/p>\n\n\t\t<\/div>\n\t<\/div>\n<div class=\"qodef-separator-holder clearfix  qodef-separator-center\">\n\t<div class=\"qodef-separator\" style=\"margin-top: 30px\"><\/div>\n<\/div>\n<div class=\"qodef-boxed-icons clearfix qodef-bi-skin-light qodef-bi-8-columns\"><div class=\"qodef-boxed-icon-holder\" >\n\t<div class=\"qodef-boxed-icon\">\n\t\t\t\t\t<a href=\"https:\/\/www.instagram.com\/carminho\/\" target=\"_blank\">\n\t\t\t\t\t<div class=\"qodef-boxed-icon-inner\">\n\t\t\t\t\t\t\t\t\t\n    <span class=\"qodef-icon-shortcode normal\"  data-hover-color=\"#df091a\" data-color=\"#123758\">\n        \n        <span aria-hidden=\"true\" class=\"qodef-icon-font-elegant social_instagram_circle qodef-icon-element\" style=\"color: #123758;font-size:25px\" ><\/span>\n            <\/span>\n\n\t\t\t\t\t\t\t\t\t\t\t<\/div>\n\t\t\t\t\t<\/a>\n\t\t\t<\/div>\n<\/div><div class=\"qodef-boxed-icon-holder\" >\n\t<div class=\"qodef-boxed-icon\">\n\t\t\t\t\t<a href=\"https:\/\/www.facebook.com\/CarminhoMusic\" target=\"_blank\">\n\t\t\t\t\t<div class=\"qodef-boxed-icon-inner\">\n\t\t\t\t\t\t\t\t\t\n    <span class=\"qodef-icon-shortcode normal\"  data-hover-color=\"#df091a\" data-color=\"#123758\">\n        \n        <span aria-hidden=\"true\" class=\"qodef-icon-font-elegant social_facebook_circle qodef-icon-element\" style=\"color: #123758;font-size:25px\" ><\/span>\n            <\/span>\n\n\t\t\t\t\t\t\t\t\t\t\t<\/div>\n\t\t\t\t\t<\/a>\n\t\t\t<\/div>\n<\/div><\/div>\t\t<\/div>\n\t<\/div>\n<\/div><\/div><\/div><\/div><\/div><\/div><\/div><div class=\"vc_row wpb_row vc_row-fluid qodef-section vc_custom_1682435574170 qodef-content-aligment-left\" style=\"\"><div class=\"clearfix qodef-full-section-inner\"><div class=\"wpb_column vc_column_container vc_col-sm-4 vc_col-lg-6 vc_col-md-6\"><div class=\"vc_column-inner vc_custom_1682436744188\"><div class=\"wpb_wrapper\"><div class=\"vc_row wpb_row vc_inner vc_row-fluid qodef-section qodef-content-aligment-left\" style=\"\"><div class=\"qodef-full-section-inner\"><div class=\"wpb_column vc_column_container vc_col-sm-12\"><div class=\"vc_column-inner\"><div class=\"wpb_wrapper\">\n\t<div class=\"wpb_text_column wpb_content_element  vc_custom_1747051861631\" >\n\t\t<div class=\"wpb_wrapper\">\n\t\t\t<p><iframe src=\"https:\/\/www.youtube.com\/embed\/iDWwJAhRsuw?si=gPjGjPWxKQTHo1hi\" width=\"560\" height=\"315\" frameborder=\"0\" allowfullscreen=\"allowfullscreen\" data-mce-fragment=\"1\"><span data-mce-type=\"bookmark\" style=\"display: inline-block; width: 0px; overflow: hidden; line-height: 0;\" class=\"mce_SELRES_start\">\ufeff<\/span><\/iframe><\/p>\n\n\t\t<\/div>\n\t<\/div>\n<\/div><\/div><\/div><\/div><\/div><\/div><\/div><\/div><div class=\"wpb_column vc_column_container vc_col-sm-4 vc_col-lg-6 vc_col-md-12\"><div class=\"vc_column-inner vc_custom_1682423289412\"><div class=\"wpb_wrapper\"><div class=\"qodef-elements-holder qodef-responsive-mode-768\" ><div class=\"qodef-elements-holder-item \" data-item-class=\"qodef-elements-holder-custom-818538\" data-1280-1440=\"17.5% 14% 0 10%\" data-1024-1280=\"13% 13% 0 9%\" data-768-1024=\"10% 13% 10.2% 8%\" data-600-768=\"10% 13% 10.2% 8%\" data-480-600=\"20% 12% 20% 10%\" data-480=\"20% 12% 20% 10%\" >\n\t<div class=\"qodef-elements-holder-item-inner\">\n\t\t<div class=\"qodef-elements-holder-item-content qodef-elements-holder-custom-818538\" style=\"padding: 10% 20% 0 12%\">\n\t\t\t<div class=\"qodef-audio-playlist-holder\">\n\t<iframe title=\"Spotify Embed: Carminho\" style=\"border-radius: 12px\" width=\"100%\" height=\"352\" frameborder=\"0\" allowfullscreen allow=\"autoplay; clipboard-write; encrypted-media; fullscreen; picture-in-picture\" loading=\"lazy\" src=\"https:\/\/open.spotify.com\/embed\/artist\/6I1r8xKn6bCeionvZVdzdR?si=EBIybroNSQaarDLokqTdqw&amp;theme=white&amp;utm_source=oembed\"><\/iframe><\/div>\n\t\t<\/div>\n\t<\/div>\n<\/div><\/div><\/div><\/div><\/div><\/div><\/div>\n","protected":false},"excerpt":{"rendered":"Home Palco Matriz 26 JUN 22h15 carminho (PT) A carreira de Carminho tem justa dimens\u00e3o internacional porque a escala do...","protected":false},"author":5,"featured_media":16246,"parent":15657,"menu_order":0,"comment_status":"closed","ping_status":"closed","template":"","meta":{"inline_featured_image":false,"_monsterinsights_skip_tracking":false,"_monsterinsights_sitenote_active":false,"_monsterinsights_sitenote_note":"","_monsterinsights_sitenote_category":0,"footnotes":""},"categories":[304,231],"tags":[],"folder":[],"class_list":["post-15710","page","type-page","status-publish","has-post-thumbnail","hentry","category-jun-26","category-palco-matriz"],"aioseo_notices":[],"_links":{"self":[{"href":"https:\/\/festivalmed.cm-loule.pt\/en\/wp-json\/wp\/v2\/pages\/15710","targetHints":{"allow":["GET"]}}],"collection":[{"href":"https:\/\/festivalmed.cm-loule.pt\/en\/wp-json\/wp\/v2\/pages"}],"about":[{"href":"https:\/\/festivalmed.cm-loule.pt\/en\/wp-json\/wp\/v2\/types\/page"}],"author":[{"embeddable":true,"href":"https:\/\/festivalmed.cm-loule.pt\/en\/wp-json\/wp\/v2\/users\/5"}],"replies":[{"embeddable":true,"href":"https:\/\/festivalmed.cm-loule.pt\/en\/wp-json\/wp\/v2\/comments?post=15710"}],"version-history":[{"count":10,"href":"https:\/\/festivalmed.cm-loule.pt\/en\/wp-json\/wp\/v2\/pages\/15710\/revisions"}],"predecessor-version":[{"id":16249,"href":"https:\/\/festivalmed.cm-loule.pt\/en\/wp-json\/wp\/v2\/pages\/15710\/revisions\/16249"}],"up":[{"embeddable":true,"href":"https:\/\/festivalmed.cm-loule.pt\/en\/wp-json\/wp\/v2\/pages\/15657"}],"wp:featuredmedia":[{"embeddable":true,"href":"https:\/\/festivalmed.cm-loule.pt\/en\/wp-json\/wp\/v2\/media\/16246"}],"wp:attachment":[{"href":"https:\/\/festivalmed.cm-loule.pt\/en\/wp-json\/wp\/v2\/media?parent=15710"}],"wp:term":[{"taxonomy":"category","embeddable":true,"href":"https:\/\/festivalmed.cm-loule.pt\/en\/wp-json\/wp\/v2\/categories?post=15710"},{"taxonomy":"post_tag","embeddable":true,"href":"https:\/\/festivalmed.cm-loule.pt\/en\/wp-json\/wp\/v2\/tags?post=15710"},{"taxonomy":"folder","embeddable":true,"href":"https:\/\/festivalmed.cm-loule.pt\/en\/wp-json\/wp\/v2\/folder?post=15710"}],"curies":[{"name":"wp","href":"https:\/\/api.w.org\/{rel}","templated":true}]}}