{"id":14350,"date":"2024-05-16T12:45:10","date_gmt":"2024-05-16T12:45:10","guid":{"rendered":"https:\/\/festivalmed.cm-loule.pt\/?page_id=14350"},"modified":"2024-06-12T16:07:35","modified_gmt":"2024-06-12T15:07:35","slug":"samifati","status":"publish","type":"page","link":"https:\/\/festivalmed.cm-loule.pt\/en\/artistas-29jun\/samifati\/","title":{"rendered":"SAMIFATI present TRANSE GNAWA EXPRESS (MA\/FR)"},"content":{"rendered":"<div class=\"vc_row wpb_row vc_row-fluid qodef-section vc_custom_1622542805246 qodef-content-aligment-left qodef-grid-section\" style=\"\"><div class=\"clearfix qodef-section-inner\"><div class=\"qodef-section-inner-margin clearfix\"><div class=\"wpb_column vc_column_container vc_col-sm-12\"><div class=\"vc_column-inner vc_custom_1622541582114\"><div class=\"wpb_wrapper\">\n\t\t\t<!-- START toppages2024 REVOLUTION SLIDER 6.5.11 --><p class=\"rs-p-wp-fix\"><\/p>\n\t\t\t<rs-module-wrap id=\"rev_slider_44_1_wrapper\" data-source=\"gallery\" style=\"visibility:hidden;background:transparent;padding:0;margin:0px auto;margin-top:0;margin-bottom:0;\">\n\t\t\t\t<rs-module id=\"rev_slider_44_1\" class=\" rs-ov-hidden\" style=\"\" data-version=\"6.5.11\">\n\t\t\t\t\t<rs-slides>\n\t\t\t\t\t\t<rs-slide style=\"position: absolute;\" data-key=\"rs-63\" data-title=\"Slide\" data-anim=\"ms:1500;\" data-in=\"o:0;\" data-out=\"a:false;\">\n\t\t\t\t\t\t\t<img fetchpriority=\"high\" decoding=\"async\" src=\"\/\/festivalmed.cm-loule.pt\/wp-content\/plugins\/revslider\/public\/assets\/assets\/dummy.png\" title=\"slider-chafariz-bg1a\" width=\"3000\" height=\"1000\" class=\"rev-slidebg tp-rs-img rs-lazyload\" data-lazyload=\"\/\/festivalmed.cm-loule.pt\/wp-content\/uploads\/2024\/03\/slider-chafariz-bg1a.png\" data-parallax=\"7\" data-panzoom=\"d:13000;ss:100;se:110;\" data-no-retina>\n<!--\n\t\t\t\t\t\t\t--><rs-layer\n\t\t\t\t\t\t\t\tid=\"slider-44-slide-63-layer-2\" \n\t\t\t\t\t\t\t\tdata-type=\"image\"\n\t\t\t\t\t\t\t\tdata-rsp_ch=\"on\"\n\t\t\t\t\t\t\t\tdata-xy=\"x:c;xo:-352px,381px,66px,202px;y:m;yo:151px,222px,224px,96px;\"\n\t\t\t\t\t\t\t\tdata-text=\"l:22;a:inherit;\"\n\t\t\t\t\t\t\t\tdata-dim=\"w:343px,412px,304px,286px;h:444px,533px,394px,370px;\"\n\t\t\t\t\t\t\t\tdata-vbility=\"t,t,t,f\"\n\t\t\t\t\t\t\t\tdata-frame_0=\"x:800px;o:1;\"\n\t\t\t\t\t\t\t\tdata-frame_1=\"e:power2.inOut;st:800;sp:1500;sR:800;\"\n\t\t\t\t\t\t\t\tdata-frame_999=\"o:0;e:power2.inOut;st:w;sp:0;sR:2000;\"\n\t\t\t\t\t\t\t\tdata-loop_0=\"x:30;\"\n\t\t\t\t\t\t\t\tdata-loop_999=\"x:-15;sp:8000;yym:t;yys:t;yyf:t;\"\n\t\t\t\t\t\t\t\tstyle=\"z-index:8;\"\n\t\t\t\t\t\t\t><img decoding=\"async\" src=\"\/\/festivalmed.cm-loule.pt\/wp-content\/plugins\/revslider\/public\/assets\/assets\/dummy.png\" class=\"tp-rs-img rs-lazyload\" width=\"594\" height=\"769\" data-lazyload=\"\/\/festivalmed.cm-loule.pt\/wp-content\/uploads\/2016\/09\/simbolos-lado-esq-barra-1.png\" data-no-retina> \n\t\t\t\t\t\t\t<\/rs-layer><!--\n\n\t\t\t\t\t\t\t--><rs-layer\n\t\t\t\t\t\t\t\tid=\"slider-44-slide-63-layer-6\" \n\t\t\t\t\t\t\t\tdata-type=\"image\"\n\t\t\t\t\t\t\t\tdata-rsp_ch=\"on\"\n\t\t\t\t\t\t\t\tdata-xy=\"x:c;xo:-36px,-289px,-265px,247px;y:m;yo:125px,79px,78px,50px;\"\n\t\t\t\t\t\t\t\tdata-text=\"l:22;a:inherit;\"\n\t\t\t\t\t\t\t\tdata-dim=\"w:457px,276px,255px,243px;h:315px,157px,145px,138px;\"\n\t\t\t\t\t\t\t\tdata-vbility=\"t,t,t,f\"\n\t\t\t\t\t\t\t\tdata-frame_0=\"z:-350px;sX:0.9;sY:0.9;\"\n\t\t\t\t\t\t\t\tdata-frame_1=\"e:power2.inOut;st:700;sp:900;sR:700;\"\n\t\t\t\t\t\t\t\tdata-frame_999=\"o:0;e:power2.inOut;st:w;sp:0;sR:2400;\"\n\t\t\t\t\t\t\t\tdata-loop_999=\"sX:1.2;sY:1.2;sp:12000;e:power2.inOut;yym:t;yys:t;yyf:t;\"\n\t\t\t\t\t\t\t\tstyle=\"z-index:9;\"\n\t\t\t\t\t\t\t><img decoding=\"async\" src=\"\/\/festivalmed.cm-loule.pt\/wp-content\/plugins\/revslider\/public\/assets\/assets\/dummy.png\" class=\"tp-rs-img rs-lazyload\" width=\"684\" height=\"471\" data-lazyload=\"\/\/festivalmed.cm-loule.pt\/wp-content\/uploads\/2016\/09\/festival-elementos-barrra-dto.png\" data-no-retina> \n\t\t\t\t\t\t\t<\/rs-layer><!--\n\n\t\t\t\t\t\t\t--><rs-layer\n\t\t\t\t\t\t\t\tid=\"slider-44-slide-63-layer-8\" \n\t\t\t\t\t\t\t\tdata-type=\"image\"\n\t\t\t\t\t\t\t\tdata-rsp_ch=\"on\"\n\t\t\t\t\t\t\t\tdata-xy=\"x:c;xo:248px,54px,244px,-170px;y:m;yo:255px,179px,79px,46px;\"\n\t\t\t\t\t\t\t\tdata-text=\"l:22;a:inherit;\"\n\t\t\t\t\t\t\t\tdata-dim=\"w:690px,440px,308px,268px;h:475px,303px,212px,185px;\"\n\t\t\t\t\t\t\t\tdata-vbility=\"t,t,t,f\"\n\t\t\t\t\t\t\t\tdata-frame_0=\"y:900px;o:1;\"\n\t\t\t\t\t\t\t\tdata-frame_1=\"x:-29px;y:5px;e:power2.inOut;st:900;sp:1000;sR:900;\"\n\t\t\t\t\t\t\t\tdata-frame_999=\"o:0;e:power2.inOut;st:w;sp:0;sR:2100;\"\n\t\t\t\t\t\t\t\tdata-loop_0=\"y:40;\"\n\t\t\t\t\t\t\t\tdata-loop_999=\"y:-10;sp:12000;yym:t;yys:t;yyf:t;\"\n\t\t\t\t\t\t\t\tstyle=\"z-index:10;\"\n\t\t\t\t\t\t\t><img loading=\"lazy\" decoding=\"async\" src=\"\/\/festivalmed.cm-loule.pt\/wp-content\/plugins\/revslider\/public\/assets\/assets\/dummy.png\" class=\"tp-rs-img rs-lazyload\" width=\"684\" height=\"471\" data-lazyload=\"\/\/festivalmed.cm-loule.pt\/wp-content\/uploads\/2016\/09\/festival-elementos-barrra-dto1.png\" data-no-retina> \n\t\t\t\t\t\t\t<\/rs-layer><!--\n-->\t\t\t\t\t\t<\/rs-slide>\n\t\t\t\t\t<\/rs-slides>\n\t\t\t\t<\/rs-module>\n\t\t\t\t<script type=\"text\/javascript\">\n\t\t\t\t\tsetREVStartSize({c: 'rev_slider_44_1',rl:[1240,1024,778,480],el:[300,300,200,150],gw:[1300,800,600,300],gh:[300,300,200,150],type:'standard',justify:'',layout:'fullwidth',mh:\"0\"});if (window.RS_MODULES!==undefined && window.RS_MODULES.modules!==undefined && window.RS_MODULES.modules[\"revslider441\"]!==undefined) {window.RS_MODULES.modules[\"revslider441\"].once = false;window.revapi44 = undefined;if (window.RS_MODULES.checkMinimal!==undefined) window.RS_MODULES.checkMinimal()}\n\t\t\t\t<\/script>\n\t\t\t<\/rs-module-wrap>\n\t\t\t<!-- END REVOLUTION SLIDER -->\n<\/div><\/div><\/div><\/div><\/div><\/div><div class=\"vc_row wpb_row vc_row-fluid qodef-section vc_custom_1682604908361 qodef-content-aligment-left qodef-grid-section\" style=\"\"><div class=\"clearfix qodef-section-inner\"><div class=\"qodef-section-inner-margin clearfix\"><div class=\"wpb_column vc_column_container vc_col-sm-12\"><div class=\"vc_column-inner vc_custom_1622541582114\"><div class=\"wpb_wrapper\"><div class=\"qodef-separator-holder clearfix  qodef-separator-center\">\n\t<div class=\"qodef-separator\" style=\"margin-top: 80px\"><\/div>\n<\/div>\n\n\t<div class=\"wpb_text_column wpb_content_element \" >\n\t\t<div class=\"wpb_wrapper\">\n\t\t\t<div class=\"aioseo-breadcrumbs\"><span class=\"aioseo-breadcrumb\">\n\t\t\tHome\n\t\t<\/span><\/div>\n\n\t\t<\/div>\n\t<\/div>\n<\/div><\/div><\/div><\/div><\/div><\/div><div class=\"vc_row wpb_row vc_row-fluid qodef-section vc_custom_1682435574170 qodef-content-aligment-left\" style=\"\"><div class=\"clearfix qodef-full-section-inner\"><div class=\"wpb_column vc_column_container vc_col-sm-4 vc_col-lg-6 vc_col-md-6\"><div class=\"vc_column-inner vc_custom_1682436744188\"><div class=\"wpb_wrapper\"><div class=\"qodef-separator-holder clearfix  qodef-separator-center\">\n\t<div class=\"qodef-separator\" style=\"margin-top: 80px\"><\/div>\n<\/div>\n\n\t<div  class=\"wpb_single_image wpb_content_element vc_align_left\">\n\t\t\n\t\t<figure class=\"wpb_wrapper vc_figure\">\n\t\t\t<div class=\"vc_single_image-wrapper   vc_box_border_grey\"><img loading=\"lazy\" decoding=\"async\" width=\"1300\" height=\"1300\" src=\"https:\/\/festivalmed.cm-loule.pt\/wp-content\/uploads\/2024\/05\/SAMIFATI.jpg\" class=\"vc_single_image-img attachment-full\" alt=\"\" srcset=\"https:\/\/festivalmed.cm-loule.pt\/wp-content\/uploads\/2024\/05\/SAMIFATI.jpg 1300w, https:\/\/festivalmed.cm-loule.pt\/wp-content\/uploads\/2024\/05\/SAMIFATI-300x300.jpg 300w, https:\/\/festivalmed.cm-loule.pt\/wp-content\/uploads\/2024\/05\/SAMIFATI-1024x1024.jpg 1024w, https:\/\/festivalmed.cm-loule.pt\/wp-content\/uploads\/2024\/05\/SAMIFATI-150x150.jpg 150w, https:\/\/festivalmed.cm-loule.pt\/wp-content\/uploads\/2024\/05\/SAMIFATI-768x768.jpg 768w, https:\/\/festivalmed.cm-loule.pt\/wp-content\/uploads\/2024\/05\/SAMIFATI-12x12.jpg 12w, https:\/\/festivalmed.cm-loule.pt\/wp-content\/uploads\/2024\/05\/SAMIFATI-550x550.jpg 550w, https:\/\/festivalmed.cm-loule.pt\/wp-content\/uploads\/2024\/05\/SAMIFATI-1000x1000.jpg 1000w, https:\/\/festivalmed.cm-loule.pt\/wp-content\/uploads\/2024\/05\/SAMIFATI-650x650.jpg 650w, https:\/\/festivalmed.cm-loule.pt\/wp-content\/uploads\/2024\/05\/SAMIFATI-400x400.jpg 400w, https:\/\/festivalmed.cm-loule.pt\/wp-content\/uploads\/2024\/05\/SAMIFATI-960x960.jpg 960w\" sizes=\"(max-width: 1300px) 100vw, 1300px\" \/><\/div>\n\t\t<\/figure>\n\t<\/div>\n\n\t<div class=\"wpb_text_column wpb_content_element \" >\n\t\t<div class=\"wpb_wrapper\">\n\t\t\t<div class=\"\" data-sider-select-id=\"b6b0734f-e555-4932-a231-27833d00d02e\"><span style=\"font-size: 10pt;\">Photo \u00a9 Erwan Ruaud<\/span><\/div>\n\n\t\t<\/div>\n\t<\/div>\n<\/div><\/div><\/div><div class=\"wpb_column vc_column_container vc_col-sm-4 vc_col-lg-6 vc_col-md-12\"><div class=\"vc_column-inner vc_custom_1682423289412\"><div class=\"wpb_wrapper\"><div class=\"qodef-elements-holder qodef-responsive-mode-768\" ><div class=\"qodef-elements-holder-item \" data-item-class=\"qodef-elements-holder-custom-399239\" data-1280-1440=\"17.5% 14% 0 10%\" data-1024-1280=\"13% 13% 0 9%\" data-768-1024=\"10% 13% 10.2% 8%\" data-600-768=\"10% 13% 10.2% 8%\" data-480-600=\"20% 12% 20% 10%\" data-480=\"20% 12% 20% 10%\" >\n\t<div class=\"qodef-elements-holder-item-inner\">\n\t\t<div class=\"qodef-elements-holder-item-content qodef-elements-holder-custom-399239\" style=\"padding: 10% 20% 0 12%\">\n\t\t\t<div class=\"vc_row wpb_row vc_inner vc_row-fluid qodef-section qodef-content-aligment-left\" style=\"\"><div class=\"qodef-full-section-inner\"><div class=\"wpb_column vc_column_container vc_col-sm-4\"><div class=\"vc_column-inner\"><div class=\"wpb_wrapper\"><div class=\"qodef-icon-list-item\">\n    <div class=\"qodef-icon-list-icon-holder\" style=\"padding-right:12px\">\n        <div class=\"qodef-icon-list-icon-holder-inner clearfix\">\n\t\t\t<i class=\"qodef-icon-simple-line-icon icon-location-pin \" style=\"color:#df091a;font-size:21px\"><\/i>        <\/div>\n    <\/div>\n    <p class=\"qodef-icon-list-text\" style=\"color:#123758;font-size:15px\" > Palco Matriz<\/p>\n<\/div><\/div><\/div><\/div><div class=\"wpb_column vc_column_container vc_col-sm-4\"><div class=\"vc_column-inner\"><div class=\"wpb_wrapper\"><div class=\"qodef-icon-list-item\">\n    <div class=\"qodef-icon-list-icon-holder\" style=\"padding-right:12px\">\n        <div class=\"qodef-icon-list-icon-holder-inner clearfix\">\n\t\t\t<i class=\"qodef-icon-simple-line-icon icon-calender \" style=\"color:#df091a;font-size:21px\"><\/i>        <\/div>\n    <\/div>\n    <p class=\"qodef-icon-list-text\" style=\"color:#123758;font-size:15px\" > 29 JUN<\/p>\n<\/div><\/div><\/div><\/div><div class=\"wpb_column vc_column_container vc_col-sm-4\"><div class=\"vc_column-inner\"><div class=\"wpb_wrapper\"><div class=\"qodef-icon-list-item\">\n    <div class=\"qodef-icon-list-icon-holder\" style=\"padding-right:12px\">\n        <div class=\"qodef-icon-list-icon-holder-inner clearfix\">\n\t\t\t<i class=\"qodef-icon-simple-line-icon icon-clock \" style=\"color:#df091a;font-size:21px\"><\/i>        <\/div>\n    <\/div>\n    <p class=\"qodef-icon-list-text\" style=\"color:#123758;font-size:15px\" > 00h15<\/p>\n<\/div><\/div><\/div><\/div><\/div><\/div><div class=\"qodef-separator-holder clearfix  qodef-separator-left\">\n\t<div class=\"qodef-separator\" style=\"border-color: #f49e15;border-style: solid;width: 22px;border-bottom-width: 3px;margin-top: 28px;margin-bottom: 28px\"><\/div>\n<\/div>\n\n\t<div class=\"wpb_text_column wpb_content_element \" >\n\t\t<div class=\"wpb_wrapper\">\n\t\t\t<h2><span style=\"color: #123758; text-transform: uppercase;\">SAMIFATI present TRANSE GNAWA EXPRESS<\/span><\/h2>\n\n\t\t<\/div>\n\t<\/div>\n\n\t<div class=\"wpb_text_column wpb_content_element \" >\n\t\t<div class=\"wpb_wrapper\">\n\t\t\t<h4><span style=\"color: #8a8a8a; text-transform: uppercase;\">(MA\/FR)<\/span><\/h4>\n\n\t\t<\/div>\n\t<\/div>\n<div class=\"qodef-separator-holder clearfix  qodef-separator-left\">\n\t<div class=\"qodef-separator\" style=\"border-color: #f49e15;border-style: solid;width: 22px;border-bottom-width: 3px;margin-top: 28px;margin-bottom: 28px\"><\/div>\n<\/div>\n\n\t<div class=\"wpb_text_column wpb_content_element \" >\n\t\t<div class=\"wpb_wrapper\">\n\t\t\t<div class=\"\" data-sider-select-id=\"b6b0734f-e555-4932-a231-27833d00d02e\">\n<p><span style=\"font-weight: 400;\">SAMIFATI, um duo proveniente de Nantes, Fran\u00e7a, desafia as conven\u00e7\u00f5es musicais ao fundir o violino com a eletr\u00f3nica, explorando a interse\u00e7\u00e3o entre a m\u00fasica tradicional e uma abordagem moderna e inovadora. Este projeto \u00e9 ainda enriquecido por uma apresenta\u00e7\u00e3o visual imaginativa e cativante.<\/span><\/p>\n<p><span style=\"font-weight: 400;\">Viajantes incans\u00e1veis, SAMIFATI encontraram-se com os m\u00fasicos gnawa Ma\u00e2lem Amine Bessi, Hamouda Benzaid e Ahmed Labnoua, criando juntos o Transe Gnawa Express. Este projeto \u2013 cuja designa\u00e7\u00e3o remete para uma das obras fundamentais dos mestres da eletr\u00f3nica, Kraftwerk \u2013 resulta numa combina\u00e7\u00e3o electrizante entre a m\u00fasica gnawa de Marrocos e o futurismo eletr\u00f3nico de SAMIFATI, oferecendo uma das apresenta\u00e7\u00f5es de palco mais intensas e estimulantes da atualidade.<\/span><\/p>\n<p><span style=\"font-weight: 400;\">\u201cDestinations\u201d, o \u00e1lbum de estreia de SAMIFATI lan\u00e7ado em 2021, \u00e9 uma verdadeira ode \u00e0 viagem musical e visual. Ap\u00f3s cinco anos de digress\u00f5es e encontros criativos pelo mundo, a dupla regressou com uma cole\u00e7\u00e3o de imagens, sons e vinis, que s\u00e3o ao mesmo tempo mem\u00f3rias sensoriais e inspira\u00e7\u00f5es para novas cria\u00e7\u00f5es. Este \u00e1lbum leva-nos numa jornada atrav\u00e9s do Egipto, Indon\u00e9sia, Coreia do Sul, Paquist\u00e3o, Marrocos, Tail\u00e2ndia, Burkina Faso e Benim.<\/span><\/p>\n<p><span style=\"font-weight: 400;\">Ricas em encontros e descobertas, estas experi\u00eancias transformaram profundamente Axel e Sami, inspirando-os a criar essa obra inaugural da sua discografia. O \u00e1lbum combina grava\u00e7\u00f5es de campo, instrumentos tradicionais e can\u00e7\u00f5es em l\u00ednguas locais com imagens de ruas, paisagens e cenas do quotidiano, tal como num di\u00e1rio de viagem. Este trabalho n\u00e3o s\u00f3 marca a trajet\u00f3ria art\u00edstica do grupo, como nos ajuda a entender como agora decidiram mergulhar nos sons e na cultura gnawa.<\/span><\/p>\n<p>&nbsp;<\/p>\n<\/div>\n\n\t\t<\/div>\n\t<\/div>\n<div class=\"qodef-separator-holder clearfix  qodef-separator-center\">\n\t<div class=\"qodef-separator\" style=\"margin-top: 30px\"><\/div>\n<\/div>\n<div class=\"qodef-boxed-icons clearfix qodef-bi-skin-light qodef-bi-8-columns\"><div class=\"qodef-boxed-icon-holder\" >\n\t<div class=\"qodef-boxed-icon\">\n\t\t\t\t\t<a href=\"https:\/\/www.instagram.com\/samifatimusic\/\" target=\"_blank\">\n\t\t\t\t\t<div class=\"qodef-boxed-icon-inner\">\n\t\t\t\t\t\t\t\t\t\n    <span class=\"qodef-icon-shortcode normal\"  data-hover-color=\"#df091a\" data-color=\"#123758\">\n        \n        <span aria-hidden=\"true\" class=\"qodef-icon-font-elegant social_instagram_circle qodef-icon-element\" style=\"color: #123758;font-size:25px\" ><\/span>\n            <\/span>\n\n\t\t\t\t\t\t\t\t\t\t\t<\/div>\n\t\t\t\t\t<\/a>\n\t\t\t<\/div>\n<\/div><div class=\"qodef-boxed-icon-holder\" >\n\t<div class=\"qodef-boxed-icon\">\n\t\t\t\t\t<a href=\"https:\/\/www.facebook.com\/samifatimusic\" target=\"_blank\">\n\t\t\t\t\t<div class=\"qodef-boxed-icon-inner\">\n\t\t\t\t\t\t\t\t\t\n    <span class=\"qodef-icon-shortcode normal\"  data-hover-color=\"#df091a\" data-color=\"#123758\">\n        \n        <span aria-hidden=\"true\" class=\"qodef-icon-font-elegant social_facebook_circle qodef-icon-element\" style=\"color: #123758;font-size:25px\" ><\/span>\n            <\/span>\n\n\t\t\t\t\t\t\t\t\t\t\t<\/div>\n\t\t\t\t\t<\/a>\n\t\t\t<\/div>\n<\/div><\/div>\t\t<\/div>\n\t<\/div>\n<\/div><\/div><\/div><\/div><\/div><\/div><\/div><div class=\"vc_row wpb_row vc_row-fluid qodef-section vc_custom_1682435574170 qodef-content-aligment-left\" style=\"\"><div class=\"clearfix qodef-full-section-inner\"><div class=\"wpb_column vc_column_container vc_col-sm-4 vc_col-lg-6 vc_col-md-6\"><div class=\"vc_column-inner vc_custom_1682436744188\"><div class=\"wpb_wrapper\"><div class=\"vc_row wpb_row vc_inner vc_row-fluid qodef-section qodef-content-aligment-left\" style=\"\"><div class=\"qodef-full-section-inner\"><div class=\"wpb_column vc_column_container vc_col-sm-12\"><div class=\"vc_column-inner\"><div class=\"wpb_wrapper\">\n\t<div class=\"wpb_text_column wpb_content_element  vc_custom_1715780749876\" >\n\t\t<div class=\"wpb_wrapper\">\n\t\t\t\n\t<div class=\"wpb_video_widget wpb_content_element vc_clearfix   vc_video-aspect-ratio-169 vc_video-el-width-100 vc_video-align-left\" >\n\t\t<div class=\"wpb_wrapper\">\n\t\t\t\n\t\t\t<div class=\"wpb_video_wrapper\"><iframe title=\"SAMIFATI present Transe Gnawa Express - Teaser\" width=\"1060\" height=\"596\" src=\"https:\/\/www.youtube.com\/embed\/_SJaS93HJzw?feature=oembed\" frameborder=\"0\" allow=\"accelerometer; autoplay; clipboard-write; encrypted-media; gyroscope; picture-in-picture; web-share\" referrerpolicy=\"strict-origin-when-cross-origin\" allowfullscreen><\/iframe><\/div>\n\t\t<\/div>\n\t<\/div>\n\n\n\t\t<\/div>\n\t<\/div>\n<\/div><\/div><\/div><\/div><\/div><\/div><\/div><\/div><div class=\"wpb_column vc_column_container vc_col-sm-4 vc_col-lg-6 vc_col-md-12\"><div class=\"vc_column-inner vc_custom_1682423289412\"><div class=\"wpb_wrapper\"><div class=\"qodef-elements-holder qodef-responsive-mode-768\" ><div class=\"qodef-elements-holder-item \" data-item-class=\"qodef-elements-holder-custom-666506\" data-1280-1440=\"17.5% 14% 0 10%\" data-1024-1280=\"13% 13% 0 9%\" data-768-1024=\"10% 13% 10.2% 8%\" data-600-768=\"10% 13% 10.2% 8%\" data-480-600=\"20% 12% 20% 10%\" data-480=\"20% 12% 20% 10%\" >\n\t<div class=\"qodef-elements-holder-item-inner\">\n\t\t<div class=\"qodef-elements-holder-item-content qodef-elements-holder-custom-666506\" style=\"padding: 10% 20% 0 12%\">\n\t\t\t<div class=\"qodef-audio-playlist-holder\">\n\t<iframe title=\"Spotify Embed: SAMIFATI\" style=\"border-radius: 12px\" width=\"100%\" height=\"352\" frameborder=\"0\" allowfullscreen allow=\"autoplay; clipboard-write; encrypted-media; fullscreen; picture-in-picture\" loading=\"lazy\" src=\"https:\/\/open.spotify.com\/embed\/artist\/4Z0GqrHrUPfdQQVezSFjVJ?si=-28KaXEvT4KryzSTncqqUA&amp;theme=white&amp;utm_source=oembed\"><\/iframe><\/div>\n\t\t<\/div>\n\t<\/div>\n<\/div><\/div><\/div><\/div><\/div><\/div><\/div>\n","protected":false},"excerpt":{"rendered":"Home Photo \u00a9 Erwan Ruaud Palco Matriz 29 JUN 00h15 SAMIFATI present TRANSE GNAWA EXPRESS (MA\/FR) SAMIFATI, um duo proveniente...","protected":false},"author":5,"featured_media":14895,"parent":14094,"menu_order":0,"comment_status":"closed","ping_status":"closed","template":"","meta":{"inline_featured_image":false,"_monsterinsights_skip_tracking":false,"_monsterinsights_sitenote_active":false,"_monsterinsights_sitenote_note":"","_monsterinsights_sitenote_category":0,"footnotes":""},"categories":[231],"tags":[],"folder":[],"class_list":["post-14350","page","type-page","status-publish","has-post-thumbnail","hentry","category-palco-matriz"],"aioseo_notices":[],"_links":{"self":[{"href":"https:\/\/festivalmed.cm-loule.pt\/en\/wp-json\/wp\/v2\/pages\/14350","targetHints":{"allow":["GET"]}}],"collection":[{"href":"https:\/\/festivalmed.cm-loule.pt\/en\/wp-json\/wp\/v2\/pages"}],"about":[{"href":"https:\/\/festivalmed.cm-loule.pt\/en\/wp-json\/wp\/v2\/types\/page"}],"author":[{"embeddable":true,"href":"https:\/\/festivalmed.cm-loule.pt\/en\/wp-json\/wp\/v2\/users\/5"}],"replies":[{"embeddable":true,"href":"https:\/\/festivalmed.cm-loule.pt\/en\/wp-json\/wp\/v2\/comments?post=14350"}],"version-history":[{"count":8,"href":"https:\/\/festivalmed.cm-loule.pt\/en\/wp-json\/wp\/v2\/pages\/14350\/revisions"}],"predecessor-version":[{"id":15444,"href":"https:\/\/festivalmed.cm-loule.pt\/en\/wp-json\/wp\/v2\/pages\/14350\/revisions\/15444"}],"up":[{"embeddable":true,"href":"https:\/\/festivalmed.cm-loule.pt\/en\/wp-json\/wp\/v2\/pages\/14094"}],"wp:featuredmedia":[{"embeddable":true,"href":"https:\/\/festivalmed.cm-loule.pt\/en\/wp-json\/wp\/v2\/media\/14895"}],"wp:attachment":[{"href":"https:\/\/festivalmed.cm-loule.pt\/en\/wp-json\/wp\/v2\/media?parent=14350"}],"wp:term":[{"taxonomy":"category","embeddable":true,"href":"https:\/\/festivalmed.cm-loule.pt\/en\/wp-json\/wp\/v2\/categories?post=14350"},{"taxonomy":"post_tag","embeddable":true,"href":"https:\/\/festivalmed.cm-loule.pt\/en\/wp-json\/wp\/v2\/tags?post=14350"},{"taxonomy":"folder","embeddable":true,"href":"https:\/\/festivalmed.cm-loule.pt\/en\/wp-json\/wp\/v2\/folder?post=14350"}],"curies":[{"name":"wp","href":"https:\/\/api.w.org\/{rel}","templated":true}]}}