{"id":12036,"date":"2023-05-03T15:55:08","date_gmt":"2023-05-03T15:55:08","guid":{"rendered":"https:\/\/festivalmed.cm-loule.pt\/?page_id=12036"},"modified":"2025-05-19T12:02:31","modified_gmt":"2025-05-19T11:02:31","slug":"termos-de-utilizacao","status":"publish","type":"page","link":"https:\/\/festivalmed.cm-loule.pt\/en\/termos-de-utilizacao\/","title":{"rendered":"Terms of Use"},"content":{"rendered":"<div class=\"vc_row wpb_row vc_row-fluid qodef-section vc_custom_1683054582807 qodef-content-aligment-left qodef-grid-section\" style=\"\"><div class=\"clearfix qodef-section-inner\"><div class=\"qodef-section-inner-margin clearfix\"><div class=\"wpb_column vc_column_container vc_col-sm-12\"><div class=\"vc_column-inner vc_custom_1622541582114\"><div class=\"wpb_wrapper\">\n\t\t\t<!-- START imagetoppages25 REVOLUTION SLIDER 6.5.11 --><p class=\"rs-p-wp-fix\"><\/p>\n\t\t\t<rs-module-wrap id=\"rev_slider_47_1_wrapper\" data-source=\"gallery\" style=\"visibility:hidden;background:transparent;padding:0;margin:0px auto;margin-top:0;margin-bottom:0;\">\n\t\t\t\t<rs-module id=\"rev_slider_47_1\" class=\" rs-ov-hidden\" style=\"\" data-version=\"6.5.11\">\n\t\t\t\t\t<rs-slides>\n\t\t\t\t\t\t<rs-slide style=\"position: absolute;\" data-key=\"rs-66\" data-title=\"Slide\" data-anim=\"ms:10;\" data-in=\"o:1;\" data-out=\"a:false;\">\n\t\t\t\t\t\t\t<img fetchpriority=\"high\" decoding=\"async\" src=\"\/\/festivalmed.cm-loule.pt\/wp-content\/plugins\/revslider\/public\/assets\/assets\/dummy.png\" title=\"img-site-bg\" width=\"2560\" height=\"2090\" class=\"rev-slidebg tp-rs-img rs-lazyload\" data-lazyload=\"\/\/festivalmed.cm-loule.pt\/wp-content\/uploads\/2016\/09\/img-site-bg-scaled.jpg\" data-parallax=\"3\" data-panzoom=\"d:13000;ss:100;se:110;\" data-no-retina>\n<!---->\t\t\t\t\t\t<\/rs-slide>\n\t\t\t\t\t<\/rs-slides>\n\t\t\t\t<\/rs-module>\n\t\t\t\t<script type=\"text\/javascript\">\n\t\t\t\t\tsetREVStartSize({c: 'rev_slider_47_1',rl:[1240,1024,778,480],el:[300,300,200,150],gw:[1300,800,600,300],gh:[300,300,200,150],type:'standard',justify:'',layout:'fullwidth',mh:\"0\"});if (window.RS_MODULES!==undefined && window.RS_MODULES.modules!==undefined && window.RS_MODULES.modules[\"revslider471\"]!==undefined) {window.RS_MODULES.modules[\"revslider471\"].once = false;window.revapi47 = undefined;if (window.RS_MODULES.checkMinimal!==undefined) window.RS_MODULES.checkMinimal()}\n\t\t\t\t<\/script>\n\t\t\t<\/rs-module-wrap>\n\t\t\t<!-- END REVOLUTION SLIDER -->\n<\/div><\/div><\/div><\/div><\/div><\/div><div class=\"vc_row wpb_row vc_row-fluid qodef-section vc_custom_1683128902837 qodef-content-aligment-left qodef-grid-section\" style=\"\"><div class=\"clearfix qodef-section-inner\"><div class=\"qodef-section-inner-margin clearfix\"><div class=\"wpb_column vc_column_container vc_col-sm-12\"><div class=\"vc_column-inner vc_custom_1622541582114\"><div class=\"wpb_wrapper\"><div class=\"qodef-separator-holder clearfix  qodef-separator-center\">\n\t<div class=\"qodef-separator\" ><\/div>\n<\/div>\n\n\t<div class=\"wpb_text_column wpb_content_element \" >\n\t\t<div class=\"wpb_wrapper\">\n\t\t\t<div class=\"aioseo-breadcrumbs\"><span class=\"aioseo-breadcrumb\">\n\t\t\tHome\n\t\t<\/span><\/div>\n\n\t\t<\/div>\n\t<\/div>\n<\/div><\/div><\/div><\/div><\/div><\/div><div class=\"vc_row wpb_row vc_row-fluid qodef-section vc_custom_1683129039972 qodef-content-aligment-left\" style=\"\"><div class=\"clearfix qodef-full-section-inner\"><div class=\"wpb_column vc_column_container vc_col-sm-12\"><div class=\"vc_column-inner\"><div class=\"wpb_wrapper\">\n\t<div class=\"wpb_text_column wpb_content_element \" >\n\t\t<div class=\"wpb_wrapper\">\n\t\t\t<h2>Termos de utiliza\u00e7\u00e3o<\/h2>\n\n\t\t<\/div>\n\t<\/div>\n\n\t<div class=\"wpb_text_column wpb_content_element  vc_custom_1747652479364\" >\n\t\t<div class=\"wpb_wrapper\">\n\t\t\t<p>O presente website visa a divulga\u00e7\u00e3o do evento desenvolvido pelo Munic\u00edpio de Loul\u00e9, denominado Festival MED, e regula-se pelos presentes Termos de Utiliza\u00e7\u00e3o que o utilizador expressamente aceita e se vincula ao navegar neste website.<\/p>\n<p>O utilizador ser\u00e1 inteiramente respons\u00e1vel pelo acesso e uso correto do website, submetendo-se \u00e0 legisla\u00e7\u00e3o vigente aplic\u00e1vel, nacional ou internacional, assim como aos princ\u00edpios de boa f\u00e9, moral e ordem p\u00fablica, e assumindo o compromisso de cumprir diligentemente qualquer instru\u00e7\u00e3o adicional que, em rela\u00e7\u00e3o ao referido uso e acesso ao website. Est\u00e1 obrigado a utilizar o website e os seus conte\u00fados de forma ponderada, de acordo com as possibilidades e finalidades para que o mesmo foi concebido.<\/p>\n<p>O Munic\u00edpio de Loul\u00e9 n\u00e3o assumir\u00e1 qualquer responsabilidade, direta ou indireta, derivada do uso incorreto do website ou dos seus conte\u00fados por parte do utilizador, assumindo este sempre, sob a sua inteira responsabilidade, as consequ\u00eancias, danos ou a\u00e7\u00f5es que possam resultar do seu acesso ou uso do website e conte\u00fados nele alojados, ou do acesso ou uso de conte\u00fados inseridos noutros websites, assim como da sua reprodu\u00e7\u00e3o ou comunica\u00e7\u00e3o.<\/p>\n<p>Os conte\u00fados inclu\u00eddos neste website podem ser objeto de direitos exclusivos, de propriedade industrial ou intelectual, pertencentes ao Munic\u00edpio de Loul\u00e9 ou a outras entidades. \u00c9 expressamente proibido copiar, reproduzir, modificar, exibir, transmitir ou divulgar, por qualquer forma ou para qualquer fim, os conte\u00fados deste website, bem como os bens incorp\u00f3reos que forem sujeitos a direitos exclusivos.<\/p>\n<p>As marcas registadas, marcas comerciais registadas, redes sociais, nomes de produtos, nomes ou log\u00f3tipos de empresas mencionadas no website, pertencem aos respetivos propriet\u00e1rios. Qualquer refer\u00eancia a produtos, servi\u00e7os, processos ou outra informa\u00e7\u00e3o, por nome comercial, marca registada, fabricante, fornecedor ou outros n\u00e3o constitui nem implica endosso, patroc\u00ednio ou recomenda\u00e7\u00e3o do mesmo pelo Munic\u00edpio de Loul\u00e9.<\/p>\n<p>O texto, informa\u00e7\u00f5es ou quaisquer dados constantes no presente website tem uma finalidade exclusivamente informativa, n\u00e3o assumindo, em qualquer circunst\u00e2ncia, car\u00e1cter de oferta.<br \/>\nO Munic\u00edpio de Loul\u00e9, ou qualquer dos seus trabalhadores, colaboradores, agentes, fornecedores ou licenciadores de conte\u00fados, n\u00e3o garantem que o website ser\u00e1 ininterrupto ou isento de erros e lapsos; nem oferecem qualquer garantia relativamente aos resultados que venham a ser obtidos da utiliza\u00e7\u00e3o do mesmo.<\/p>\n<p>Nenhuma pessoa ou entidade implicada na cria\u00e7\u00e3o, produ\u00e7\u00e3o ou distribui\u00e7\u00e3o do presente website, ou no seu software, ser\u00e1 respons\u00e1vel por quaisquer perdas e danos, diretos ou indiretos, decorrentes da utiliza\u00e7\u00e3o do website.<\/p>\n<p>A exclus\u00e3o da responsabilidade do Munic\u00edpio de Loul\u00e9, aplica-se a quaisquer perdas e danos ou preju\u00edzos causados por qualquer falha de desempenho, erro, omiss\u00e3o, interrup\u00e7\u00e3o, elimina\u00e7\u00e3o, defici\u00eancia, atraso de funcionamento ou transmiss\u00e3o, v\u00edrus inform\u00e1tico, avaria de linha de comunica\u00e7\u00e3o, roubo ou destrui\u00e7\u00e3o ou acesso n\u00e3o autorizado, altera\u00e7\u00e3o ou utiliza\u00e7\u00e3o de registo.<br \/>\nOs sinais distintivos, como marcas e log\u00f3tipos, do Festival MED, da C\u00e2mara Municipal de Loul\u00e9 ou do Munic\u00edpio de Loul\u00e9, bem como qualquer outro direito de propriedade intelectual contido no website s\u00e3o da sua titularidade exclusiva do Munic\u00edpio e dos seus fornecedores ou licenciadores, n\u00e3o podendo ser copiadas, imitadas ou usadas, total ou parcialmente, sem a autoriza\u00e7\u00e3o pr\u00e9via, por escrito, da C\u00e2mara Municipal de Loul\u00e9 ou do titular da respetiva marca registada.<\/p>\n<p>N\u00e3o est\u00e1 autorizada a utiliza\u00e7\u00e3o de &#8220;meta tags&#8221; ou de qualquer outro \u201chidden text\u201d com qualquer refer\u00eancia ao nome Munic\u00edpio de Loul\u00e9 ou qualquer outro nome, marca registada ou nome de produto ou servi\u00e7o da C\u00e2mara Municipal de Loul\u00e9 ou do Munic\u00edpio de Loul\u00e9, sem a respetiva autoriza\u00e7\u00e3o pr\u00e9via por escrito<\/p>\n<p>Al\u00e9m disso, o aspeto do website, incluindo todos os cabe\u00e7alhos, gr\u00e1ficos personalizados, \u00edcones e scripts, marca de servi\u00e7o, marca registada e\/ou a designa\u00e7\u00e3o comercial da titularidade do Munic\u00edpio de Loul\u00e9\/C\u00e2mara Municipal n\u00e3o podem ser copiadas, imitadas ou usadas, total ou parcialmente, sem a sua respetiva autoriza\u00e7\u00e3o pr\u00e9via, por escrito, ou de quem legalmente a represente, atrav\u00e9s do email: geral@cm-loule.pt<\/p>\n<p>\u00c9, por\u00e9m, permitido citar parte dos textos publicados no website sobre o evento Festival MED, bem como usar a informa\u00e7\u00e3o constante nas not\u00edcias e agenda sobre o mesmo.<\/p>\n<h4>Cookies<\/h4>\n<p>Visando proporcionar aos utilizadores uma maior rapidez e personaliza\u00e7\u00e3o do servi\u00e7o prestado, este website utiliza uma funcionalidade do \u201cbrowser\u201d conhecida como \u201ccookie\u201d.<br \/>\nUm \u201ccookie\u201d \u00e9 um pequeno ficheiro de texto, automaticamente guardado nos discos r\u00edgidos dos computadores ou dispositivos m\u00f3veis dos utilizadores quando acedem a certos websites, e que permite a sua identifica\u00e7\u00e3o sempre que este volte a consultar, neste caso, o website do Festival Med.<\/p>\n<p>A maioria dos programas de navega\u00e7\u00e3o est\u00e3o definidos para aceitar cookies, embora qualquer utilizador possa configurar o seu navegador (browser) por forma a impedir a instala\u00e7\u00e3o de cookies no seu computador. Pode configurar os cookies no menu \u201cop\u00e7\u00f5es\u201d ou \u201cprefer\u00eancias\u201d do seu navegador. No entanto, tal op\u00e7\u00e3o poder\u00e1 tornar a sua navega\u00e7\u00e3o mais lenta, neste como noutros websites.<\/p>\n<p>O Munic\u00edpio de Loul\u00e9 reserva-se o direito de, a qualquer momento, sem necessidade de aviso pr\u00e9vio e com efeitos imediatos, alterar, adicionar, atualizar ou eliminar, parcial ou totalmente, a presente informa\u00e7\u00e3o sobre cookies, pelo que se aconselha o utilizador a consultar periodicamente a pol\u00edtica de cookies dispon\u00edvel para consulta aqui http:\/\/festivalmed.pt\/pt\/politica_cookies\/ para confirmar se foram efetuadas quaisquer atualiza\u00e7\u00f5es ou altera\u00e7\u00f5es.<\/p>\n<p>A lista de cookies ser\u00e1 atualizada sempre que necess\u00e1rio, designadamente quando forem modificadas as funcionalidades disponibilizadas atrav\u00e9s deste website, sendo poss\u00edvel que a lista deixe de incluir algum cookie espec\u00edfico.<br \/>\nPara mais informa\u00e7\u00f5es consulte a pol\u00edtica de cookies deste website em http:\/\/festivalmed.pt\/pt\/politica_cookies\/<\/p>\n<h4>Liga\u00e7\u00f5es a Terceiros<\/h4>\n<p>Este website pode conter uma variedade de liga\u00e7\u00f5es para outros websites, nacionais ou estrangeiros.<br \/>\nAo estabelecer, a partir deste website, liga\u00e7\u00f5es com outros websites, seja por meio de um \u201clink\u201d ou de um \u201cbanner\u201d (\u00e1rea retangular do ecr\u00e3 que publicita uma marca ou servi\u00e7o, que procura incentivar o utilizador a clicar sobre ele e a entrar no website com o qual estabelece liga\u00e7\u00e3o), poder\u00e1 receber um \u201ccookie\u201d de um dos nossos parceiros.<br \/>\nContudo, o Munic\u00edpio de Loul\u00e9 n\u00e3o se responsabiliza, pelos termos de utiliza\u00e7\u00e3o e pol\u00edtica de seguran\u00e7a e privacidade, forma, conte\u00fado ou pr\u00e1ticas desses mesmos websites.<br \/>\nO Munic\u00edpio de Loul\u00e9 n\u00e3o se responsabiliza pela qualidade e veracidade das afirma\u00e7\u00f5es reproduzidas nos websites para onde remetem as liga\u00e7\u00f5es de hipertexto, tamb\u00e9m denominadas \u201chyperlinks\u201d ou \u201clinks\u201d presentes neste website e n\u00e3o exerce qualquer controlo sobre o tratamento de dados pessoais, conte\u00fados, produtos e servi\u00e7os oferecidos por terceiros atrav\u00e9s das hiperliga\u00e7\u00f5es disponibilizadas, sendo a utiliza\u00e7\u00e3o das informa\u00e7\u00f5es obtidas atrav\u00e9s dos mesmos feita sob inteira responsabilidade e risco do utilizador.&#8221;<\/p>\n<h4>Altera\u00e7\u00f5es aos Termos de Utiliza\u00e7\u00e3o<\/h4>\n<p>Os termos de utiliza\u00e7\u00e3o deste website, poder\u00e3o ser revistos, alterados ou atualizados parcial ou totalmente, a qualquer momento e sem aviso pr\u00e9vio, identificando a respetiva data de altera\u00e7\u00e3o, devendo o utilizador, consult\u00e1-los regularmente para estar devidamente informado.<\/p>\n\n\t\t<\/div>\n\t<\/div>\n<\/div><\/div><\/div><\/div><\/div>\n","protected":false},"excerpt":{"rendered":"Home Termos de utiliza\u00e7\u00e3o O presente website visa a divulga\u00e7\u00e3o do evento desenvolvido pelo Munic\u00edpio de Loul\u00e9, denominado Festival MED,...","protected":false},"author":2,"featured_media":0,"parent":0,"menu_order":0,"comment_status":"closed","ping_status":"closed","template":"","meta":{"inline_featured_image":false,"_monsterinsights_skip_tracking":false,"_monsterinsights_sitenote_active":false,"_monsterinsights_sitenote_note":"","_monsterinsights_sitenote_category":0,"footnotes":""},"categories":[],"tags":[],"folder":[],"class_list":["post-12036","page","type-page","status-publish","hentry"],"aioseo_notices":[],"_links":{"self":[{"href":"https:\/\/festivalmed.cm-loule.pt\/en\/wp-json\/wp\/v2\/pages\/12036","targetHints":{"allow":["GET"]}}],"collection":[{"href":"https:\/\/festivalmed.cm-loule.pt\/en\/wp-json\/wp\/v2\/pages"}],"about":[{"href":"https:\/\/festivalmed.cm-loule.pt\/en\/wp-json\/wp\/v2\/types\/page"}],"author":[{"embeddable":true,"href":"https:\/\/festivalmed.cm-loule.pt\/en\/wp-json\/wp\/v2\/users\/2"}],"replies":[{"embeddable":true,"href":"https:\/\/festivalmed.cm-loule.pt\/en\/wp-json\/wp\/v2\/comments?post=12036"}],"version-history":[{"count":8,"href":"https:\/\/festivalmed.cm-loule.pt\/en\/wp-json\/wp\/v2\/pages\/12036\/revisions"}],"predecessor-version":[{"id":16126,"href":"https:\/\/festivalmed.cm-loule.pt\/en\/wp-json\/wp\/v2\/pages\/12036\/revisions\/16126"}],"wp:attachment":[{"href":"https:\/\/festivalmed.cm-loule.pt\/en\/wp-json\/wp\/v2\/media?parent=12036"}],"wp:term":[{"taxonomy":"category","embeddable":true,"href":"https:\/\/festivalmed.cm-loule.pt\/en\/wp-json\/wp\/v2\/categories?post=12036"},{"taxonomy":"post_tag","embeddable":true,"href":"https:\/\/festivalmed.cm-loule.pt\/en\/wp-json\/wp\/v2\/tags?post=12036"},{"taxonomy":"folder","embeddable":true,"href":"https:\/\/festivalmed.cm-loule.pt\/en\/wp-json\/wp\/v2\/folder?post=12036"}],"curies":[{"name":"wp","href":"https:\/\/api.w.org\/{rel}","templated":true}]}}