{"id":11926,"date":"2023-05-03T08:48:52","date_gmt":"2023-05-03T08:48:52","guid":{"rendered":"https:\/\/festivalmed.cm-loule.pt\/?page_id=11926"},"modified":"2026-05-06T14:47:19","modified_gmt":"2026-05-06T13:47:19","slug":"palcos","status":"publish","type":"page","link":"https:\/\/festivalmed.cm-loule.pt\/en\/palcos\/","title":{"rendered":"stages"},"content":{"rendered":"<div class=\"vc_row wpb_row vc_row-fluid qodef-section vc_custom_1622542805246 qodef-content-aligment-left qodef-grid-section\" style=\"\"><div class=\"clearfix qodef-section-inner\"><div class=\"qodef-section-inner-margin clearfix\"><div class=\"wpb_column vc_column_container vc_col-sm-12\"><div class=\"vc_column-inner vc_custom_1622541582114\"><div class=\"wpb_wrapper\">\n\t\t\t<!-- START imagetoppages25 REVOLUTION SLIDER 6.5.11 --><p class=\"rs-p-wp-fix\"><\/p>\n\t\t\t<rs-module-wrap id=\"rev_slider_47_1_wrapper\" data-source=\"gallery\" style=\"visibility:hidden;background:transparent;padding:0;margin:0px auto;margin-top:0;margin-bottom:0;\">\n\t\t\t\t<rs-module id=\"rev_slider_47_1\" class=\" rs-ov-hidden\" style=\"\" data-version=\"6.5.11\">\n\t\t\t\t\t<rs-slides>\n\t\t\t\t\t\t<rs-slide style=\"position: absolute;\" data-key=\"rs-66\" data-title=\"Slide\" data-anim=\"ms:10;\" data-in=\"o:1;\" data-out=\"a:false;\">\n\t\t\t\t\t\t\t<img fetchpriority=\"high\" decoding=\"async\" src=\"\/\/festivalmed.cm-loule.pt\/wp-content\/plugins\/revslider\/public\/assets\/assets\/dummy.png\" title=\"img-site-bg\" width=\"2560\" height=\"2090\" class=\"rev-slidebg tp-rs-img rs-lazyload\" data-lazyload=\"\/\/festivalmed.cm-loule.pt\/wp-content\/uploads\/2016\/09\/img-site-bg-scaled.jpg\" data-parallax=\"3\" data-panzoom=\"d:13000;ss:100;se:110;\" data-no-retina>\n<!---->\t\t\t\t\t\t<\/rs-slide>\n\t\t\t\t\t<\/rs-slides>\n\t\t\t\t<\/rs-module>\n\t\t\t\t<script type=\"text\/javascript\">\n\t\t\t\t\tsetREVStartSize({c: 'rev_slider_47_1',rl:[1240,1024,778,480],el:[300,300,200,150],gw:[1300,800,600,300],gh:[300,300,200,150],type:'standard',justify:'',layout:'fullwidth',mh:\"0\"});if (window.RS_MODULES!==undefined && window.RS_MODULES.modules!==undefined && window.RS_MODULES.modules[\"revslider471\"]!==undefined) {window.RS_MODULES.modules[\"revslider471\"].once = false;window.revapi47 = undefined;if (window.RS_MODULES.checkMinimal!==undefined) window.RS_MODULES.checkMinimal()}\n\t\t\t\t<\/script>\n\t\t\t<\/rs-module-wrap>\n\t\t\t<!-- END REVOLUTION SLIDER -->\n<\/div><\/div><\/div><\/div><\/div><\/div><div class=\"vc_row wpb_row vc_row-fluid qodef-section vc_custom_1683104122734 qodef-content-aligment-left qodef-grid-section\" style=\"\"><div class=\"clearfix qodef-section-inner\"><div class=\"qodef-section-inner-margin clearfix\"><div class=\"wpb_column vc_column_container vc_col-sm-12\"><div class=\"vc_column-inner vc_custom_1622541582114\"><div class=\"wpb_wrapper\"><div class=\"qodef-separator-holder clearfix  qodef-separator-center\">\n\t<div class=\"qodef-separator\" style=\"margin-top: 80px\"><\/div>\n<\/div>\n\n\t<div class=\"wpb_text_column wpb_content_element \" >\n\t\t<div class=\"wpb_wrapper\">\n\t\t\t<div class=\"aioseo-breadcrumbs\"><span class=\"aioseo-breadcrumb\">\n\t\t\tHome\n\t\t<\/span><\/div>\n\n\t\t<\/div>\n\t<\/div>\n<\/div><\/div><\/div><\/div><\/div><\/div><div class=\"vc_row wpb_row vc_row-fluid qodef-section vc_custom_1683111342740 qodef-content-aligment-left\" style=\"\"><div class=\"clearfix qodef-full-section-inner\"><div class=\"wpb_column vc_column_container vc_col-sm-4\"><div class=\"vc_column-inner vc_custom_1683109859611\"><div class=\"wpb_wrapper\">\n\t<div class=\"wpb_text_column wpb_content_element  vc_custom_1683124807808\" >\n\t\t<div class=\"wpb_wrapper\">\n\t\t\t<h2 id=\"palcomatriz\">Palco Matriz<\/h2>\n\n\t\t<\/div>\n\t<\/div>\n<div class=\"qodef-icon-list-item\">\n    <div class=\"qodef-icon-list-icon-holder\" >\n        <div class=\"qodef-icon-list-icon-holder-inner clearfix\">\n\t\t\t<i class=\"qodef-icon-simple-line-icon icon-compass \" style=\"color:#123758;font-size:22px\"><\/i>        <\/div>\n    <\/div>\n    <p class=\"qodef-icon-list-text\" style=\"color:#123758;font-size:15px\" > 37.137356, -8.023841<\/p>\n<\/div><div class=\"qodef-google-map-holder\">\n    <div class=\"qodef-google-map\" id=\"qodef-map-2200191\" data-addresses='[\"Batalh\u00e3o Sapadores Caminhos de Ferro 11-10, 8100-561 Loul\u00e9\"]' data-custom-map-style=false data-color-overlay=#393939 data-saturation=-100 data-lightness=-60 data-zoom=18 data-pin=https:\/\/festivalmed.cm-loule.pt\/wp-content\/uploads\/2023\/05\/matriz-pin-map.png data-unique-id=2200191 data-scroll-wheel=true data-height=300 data-location-map=yes><\/div>\n\t<\/div>\n<\/div><\/div><\/div><div class=\"wpb_column vc_column_container vc_col-sm-4\"><div class=\"vc_column-inner vc_custom_1683109875063\"><div class=\"wpb_wrapper\">\n\t<div class=\"wpb_text_column wpb_content_element  vc_custom_1683124824707\" >\n\t\t<div class=\"wpb_wrapper\">\n\t\t\t<h2 id=\"palcocerca\">Palco Cerca<\/h2>\n\n\t\t<\/div>\n\t<\/div>\n<div class=\"qodef-icon-list-item\">\n    <div class=\"qodef-icon-list-icon-holder\" >\n        <div class=\"qodef-icon-list-icon-holder-inner clearfix\">\n\t\t\t<i class=\"qodef-icon-simple-line-icon icon-compass \" style=\"color:#123758;font-size:22px\"><\/i>        <\/div>\n    <\/div>\n    <p class=\"qodef-icon-list-text\" style=\"color:#123758;font-size:15px\" > 37.139173, -8.023058<\/p>\n<\/div><div class=\"qodef-google-map-holder\">\n    <div class=\"qodef-google-map\" id=\"qodef-map-854114\" data-addresses='[\"Antigo Convento do Esp\u00edrito Santo, 8100-561 Loul\u00e9\"]' data-custom-map-style=false data-color-overlay=#393939 data-saturation=-100 data-lightness=-60 data-zoom=18 data-pin=https:\/\/festivalmed.cm-loule.pt\/wp-content\/uploads\/2023\/05\/cerca-pin-map.png data-unique-id=854114 data-scroll-wheel=false data-height=300 data-location-map=yes><\/div>\n\t        <div class=\"qodef-google-map-overlay\"><\/div>\n\t<\/div>\n<\/div><\/div><\/div><div class=\"wpb_column vc_column_container vc_col-sm-4\"><div class=\"vc_column-inner vc_custom_1683109893659\"><div class=\"wpb_wrapper\">\n\t<div class=\"wpb_text_column wpb_content_element \" >\n\t\t<div class=\"wpb_wrapper\">\n\t\t\t<h2 id=\"palcochafariz\">Palco Chafariz<\/h2>\n\n\t\t<\/div>\n\t<\/div>\n<div class=\"qodef-icon-list-item\">\n    <div class=\"qodef-icon-list-icon-holder\" >\n        <div class=\"qodef-icon-list-icon-holder-inner clearfix\">\n\t\t\t<i class=\"qodef-icon-simple-line-icon icon-compass \" style=\"color:#123758;font-size:22px\"><\/i>        <\/div>\n    <\/div>\n    <p class=\"qodef-icon-list-text\" style=\"color:#123758;font-size:15px\" > 37.139639, -8.024401<\/p>\n<\/div><div class=\"qodef-google-map-holder\">\n    <div class=\"qodef-google-map\" id=\"qodef-map-1810904\" data-addresses='[\"Pra\u00e7a D. Afonso III, 8100-606 Loul\u00e9\"]' data-custom-map-style=false data-color-overlay=#393939 data-saturation=-100 data-lightness=-60 data-zoom=18 data-pin=https:\/\/festivalmed.cm-loule.pt\/wp-content\/uploads\/2023\/05\/chafariz-pin-map.png data-unique-id=1810904 data-scroll-wheel=false data-height=300 data-location-map=yes><\/div>\n\t        <div class=\"qodef-google-map-overlay\"><\/div>\n\t<\/div>\n<\/div><\/div><\/div><\/div><\/div><div class=\"vc_row wpb_row vc_row-fluid qodef-section vc_custom_1683111342740 qodef-content-aligment-left\" style=\"\"><div class=\"clearfix qodef-full-section-inner\"><div class=\"wpb_column vc_column_container vc_col-sm-4\"><div class=\"vc_column-inner vc_custom_1683109859611\"><div class=\"wpb_wrapper\">\n\t<div class=\"wpb_text_column wpb_content_element  vc_custom_1683125210039\" >\n\t\t<div class=\"wpb_wrapper\">\n\t\t\t<h2 id=\"palcocastelo\">Palco Castelo<\/h2>\n\n\t\t<\/div>\n\t<\/div>\n<div class=\"qodef-icon-list-item\">\n    <div class=\"qodef-icon-list-icon-holder\" >\n        <div class=\"qodef-icon-list-icon-holder-inner clearfix\">\n\t\t\t<i class=\"qodef-icon-simple-line-icon icon-compass \" style=\"color:#123758;font-size:22px\"><\/i>        <\/div>\n    <\/div>\n    <p class=\"qodef-icon-list-text\" style=\"color:#123758;font-size:15px\" > 37.139525, -8.023707<\/p>\n<\/div><div class=\"qodef-google-map-holder\">\n    <div class=\"qodef-google-map\" id=\"qodef-map-2456074\" data-addresses='[\"R. Dom Paio Peres Correia 17, 8100-606 Loul\u00e9\"]' data-custom-map-style=false data-color-overlay=#393939 data-saturation=-100 data-lightness=-60 data-zoom=18 data-pin=https:\/\/festivalmed.cm-loule.pt\/wp-content\/uploads\/2023\/05\/castelo-pin-map.png data-unique-id=2456074 data-scroll-wheel=true data-height=300 data-location-map=yes><\/div>\n\t<\/div>\n<\/div><\/div><\/div><div class=\"wpb_column vc_column_container vc_col-sm-4\"><div class=\"vc_column-inner vc_custom_1683109875063\"><div class=\"wpb_wrapper\">\n\t<div class=\"wpb_text_column wpb_content_element \" >\n\t\t<div class=\"wpb_wrapper\">\n\t\t\t<h2 id=\"palcohammam\">Palco Hammam<\/h2>\n\n\t\t<\/div>\n\t<\/div>\n<div class=\"qodef-icon-list-item\">\n    <div class=\"qodef-icon-list-icon-holder\" >\n        <div class=\"qodef-icon-list-icon-holder-inner clearfix\">\n\t\t\t<i class=\"qodef-icon-simple-line-icon icon-compass \" style=\"color:#123758;font-size:22px\"><\/i>        <\/div>\n    <\/div>\n    <p class=\"qodef-icon-list-text\" style=\"color:#123758;font-size:15px\" > 37.1389685,-8.0244356<\/p>\n<\/div><div class=\"qodef-google-map-holder\">\n    <div class=\"qodef-google-map\" id=\"qodef-map-2435083\" data-addresses='[\"Rua Garcia da Horta 4, 8100-606 Loul\u00e9\"]' data-custom-map-style=false data-color-overlay=#393939 data-saturation=-100 data-lightness=-60 data-zoom=18 data-pin=https:\/\/festivalmed.cm-loule.pt\/wp-content\/uploads\/2023\/05\/hammam-pin-map.png data-unique-id=2435083 data-scroll-wheel=false data-height=300 data-location-map=yes><\/div>\n\t        <div class=\"qodef-google-map-overlay\"><\/div>\n\t<\/div>\n<\/div><\/div><\/div><div class=\"wpb_column vc_column_container vc_col-sm-4\"><div class=\"vc_column-inner vc_custom_1683109893659\"><div class=\"wpb_wrapper\">\n\t<div class=\"wpb_text_column wpb_content_element  vc_custom_1683125096439\" >\n\t\t<div class=\"wpb_wrapper\">\n\t\t\t<h2 id=\"palcomedclassic\">Palco MED Classic<\/h2>\n\n\t\t<\/div>\n\t<\/div>\n<div class=\"qodef-icon-list-item\">\n    <div class=\"qodef-icon-list-icon-holder\" >\n        <div class=\"qodef-icon-list-icon-holder-inner clearfix\">\n\t\t\t<i class=\"qodef-icon-simple-line-icon icon-compass \" style=\"color:#123758;font-size:22px\"><\/i>        <\/div>\n    <\/div>\n    <p class=\"qodef-icon-list-text\" style=\"color:#123758;font-size:15px\" > 37.137460, -8.023644<\/p>\n<\/div><div class=\"qodef-google-map-holder\">\n    <div class=\"qodef-google-map\" id=\"qodef-map-1310021\" data-addresses='[\"Igreja Matriz de S\u00e3o Clemente, 8100-561 Loul\u00e9\"]' data-custom-map-style=false data-color-overlay=#393939 data-saturation=-100 data-lightness=-60 data-zoom=18 data-pin=https:\/\/festivalmed.cm-loule.pt\/wp-content\/uploads\/2023\/05\/medclassic-pin-map.png data-unique-id=1310021 data-scroll-wheel=false data-height=300 data-location-map=yes><\/div>\n\t        <div class=\"qodef-google-map-overlay\"><\/div>\n\t<\/div>\n<\/div><\/div><\/div><\/div><\/div><div class=\"vc_row wpb_row vc_row-fluid qodef-section vc_custom_1683118619427 qodef-content-aligment-left\" style=\"\"><div class=\"clearfix qodef-full-section-inner\"><div class=\"wpb_column vc_column_container vc_col-sm-4\"><div class=\"vc_column-inner vc_custom_1683109859611\"><div class=\"wpb_wrapper\">\n\t<div class=\"wpb_text_column wpb_content_element  vc_custom_1750682189656\" >\n\t\t<div class=\"wpb_wrapper\">\n\t\t\t<h2 id=\"palcomedjazz\">Palco MED JAZZ<\/h2>\n\n\t\t<\/div>\n\t<\/div>\n<div class=\"qodef-icon-list-item\">\n    <div class=\"qodef-icon-list-icon-holder\" >\n        <div class=\"qodef-icon-list-icon-holder-inner clearfix\">\n\t\t\t<i class=\"qodef-icon-simple-line-icon icon-compass \" style=\"color:#123758;font-size:22px\"><\/i>        <\/div>\n    <\/div>\n    <p class=\"qodef-icon-list-text\" style=\"color:#123758;font-size:15px\" > 37.139238, -8.024184<\/p>\n<\/div><div class=\"qodef-google-map-holder\">\n    <div class=\"qodef-google-map\" id=\"qodef-map-2500401\" data-addresses='[\"R. das Bicas Velhas, 1, 8100-606 Loul\u00e9\"]' data-custom-map-style=false data-color-overlay=#393939 data-saturation=-100 data-lightness=-60 data-zoom=18 data-pin=https:\/\/festivalmed.cm-loule.pt\/wp-content\/uploads\/2023\/05\/medjazz-pin-map.png data-unique-id=2500401 data-scroll-wheel=false data-height=300 data-location-map=yes><\/div>\n\t        <div class=\"qodef-google-map-overlay\"><\/div>\n\t<\/div>\n<\/div><\/div><\/div><div class=\"wpb_column vc_column_container vc_col-sm-4\"><div class=\"vc_column-inner vc_custom_1683109875063\"><div class=\"wpb_wrapper\">\n\t<div class=\"wpb_text_column wpb_content_element  vc_custom_1683125190190\" >\n\t\t<div class=\"wpb_wrapper\">\n\t\t\t<h2 id=\"palcocalcinha\">Palco Calcinha<\/h2>\n\n\t\t<\/div>\n\t<\/div>\n<div class=\"qodef-icon-list-item\">\n    <div class=\"qodef-icon-list-icon-holder\" >\n        <div class=\"qodef-icon-list-icon-holder-inner clearfix\">\n\t\t\t<i class=\"qodef-icon-simple-line-icon icon-compass \" style=\"color:#123758;font-size:22px\"><\/i>        <\/div>\n    <\/div>\n    <p class=\"qodef-icon-list-text\" style=\"color:#123758;font-size:15px\" > 37.1396046,-8.0231429<\/p>\n<\/div><div class=\"qodef-google-map-holder\">\n    <div class=\"qodef-google-map\" id=\"qodef-map-1868783\" data-addresses='[\"Pra\u00e7a da Rep\u00fablica 67, 8100-270 Loul\u00e9\"]' data-custom-map-style=false data-color-overlay=#393939 data-saturation=-100 data-lightness=-60 data-zoom=18 data-pin=https:\/\/festivalmed.cm-loule.pt\/wp-content\/uploads\/2023\/05\/calcinha-pin-map.png data-unique-id=1868783 data-scroll-wheel=false data-height=300 data-location-map=yes><\/div>\n\t        <div class=\"qodef-google-map-overlay\"><\/div>\n\t<\/div>\n<\/div><\/div><\/div><div class=\"wpb_column vc_column_container vc_col-sm-4\"><div class=\"vc_column-inner vc_custom_1683109893659\"><div class=\"wpb_wrapper\">\n\t<div class=\"wpb_text_column wpb_content_element  vc_custom_1750682226305\" >\n\t\t<div class=\"wpb_wrapper\">\n\t\t\t<h2 id=\"palcoarco\">Palco Arco<\/h2>\n\n\t\t<\/div>\n\t<\/div>\n<div class=\"qodef-icon-list-item\">\n    <div class=\"qodef-icon-list-icon-holder\" >\n        <div class=\"qodef-icon-list-icon-holder-inner clearfix\">\n\t\t\t<i class=\"qodef-icon-simple-line-icon icon-compass \" style=\"color:#123758;font-size:22px\"><\/i>        <\/div>\n    <\/div>\n    <p class=\"qodef-icon-list-text\" style=\"color:#123758;font-size:15px\" > 37.137241, -8.023499<\/p>\n<\/div><div class=\"qodef-google-map-holder\">\n    <div class=\"qodef-google-map\" id=\"qodef-map-2230596\" data-addresses='[\"Lgo Prof. Cabrita da Silva, 8100-561 Loul\u00e9\"]' data-custom-map-style=false data-color-overlay=#393939 data-saturation=-100 data-lightness=-60 data-zoom=18 data-pin=https:\/\/festivalmed.cm-loule.pt\/wp-content\/uploads\/2023\/05\/arco-pin-map.png data-unique-id=2230596 data-scroll-wheel=false data-height=300 data-location-map=yes><\/div>\n\t        <div class=\"qodef-google-map-overlay\"><\/div>\n\t<\/div>\n<\/div><\/div><\/div><\/div><\/div><div class=\"vc_row wpb_row vc_row-fluid qodef-section vc_custom_1683118619427 qodef-content-aligment-left\" style=\"\"><div class=\"clearfix qodef-full-section-inner\"><div class=\"wpb_column vc_column_container vc_col-sm-4\"><div class=\"vc_column-inner vc_custom_1683109859611\"><div class=\"wpb_wrapper\">\n\t<div class=\"wpb_text_column wpb_content_element  vc_custom_1750682242489\" >\n\t\t<div class=\"wpb_wrapper\">\n\t\t\t<h2 id=\"palcomercado\">Palco Mercado<\/h2>\n\n\t\t<\/div>\n\t<\/div>\n<div class=\"qodef-icon-list-item\">\n    <div class=\"qodef-icon-list-icon-holder\" >\n        <div class=\"qodef-icon-list-icon-holder-inner clearfix\">\n\t\t\t<i class=\"qodef-icon-simple-line-icon icon-compass \" style=\"color:#123758;font-size:22px\"><\/i>        <\/div>\n    <\/div>\n    <p class=\"qodef-icon-list-text\" style=\"color:#123758;font-size:15px\" > 37.138138, -8.022664<\/p>\n<\/div><div class=\"qodef-google-map-holder\">\n    <div class=\"qodef-google-map\" id=\"qodef-map-376567\" data-addresses='[\"R. Jos\u00e9 Fernandes Guerreiro 44, 8100-598 Loul\u00e9\"]' data-custom-map-style=false data-color-overlay=#393939 data-saturation=-100 data-lightness=-60 data-zoom=18 data-pin=https:\/\/festivalmed.cm-loule.pt\/wp-content\/uploads\/2023\/05\/mercado-pin-map.png data-unique-id=376567 data-scroll-wheel=false data-height=300 data-location-map=yes><\/div>\n\t        <div class=\"qodef-google-map-overlay\"><\/div>\n\t<\/div>\n<\/div><\/div><\/div><div class=\"wpb_column vc_column_container vc_col-sm-4\"><div class=\"vc_column-inner vc_custom_1683109875063\"><div class=\"wpb_wrapper\"><\/div><\/div><\/div><div class=\"wpb_column vc_column_container vc_col-sm-4\"><div class=\"vc_column-inner vc_custom_1683109893659\"><div class=\"wpb_wrapper\"><\/div><\/div><\/div><\/div><\/div>\n","protected":false},"excerpt":{"rendered":"Home Palco Matriz 37.137356, -8.023841 Palco Cerca 37.139173, -8.023058 Palco Chafariz 37.139639, -8.024401 Palco Castelo 37.139525, -8.023707 Palco Hammam 37.1389685,-8.0244356...","protected":false},"author":2,"featured_media":0,"parent":0,"menu_order":0,"comment_status":"closed","ping_status":"closed","template":"","meta":{"inline_featured_image":false,"_monsterinsights_skip_tracking":false,"_monsterinsights_sitenote_active":false,"_monsterinsights_sitenote_note":"","_monsterinsights_sitenote_category":0,"footnotes":""},"categories":[],"tags":[],"folder":[],"class_list":["post-11926","page","type-page","status-publish","hentry"],"aioseo_notices":[],"_links":{"self":[{"href":"https:\/\/festivalmed.cm-loule.pt\/en\/wp-json\/wp\/v2\/pages\/11926","targetHints":{"allow":["GET"]}}],"collection":[{"href":"https:\/\/festivalmed.cm-loule.pt\/en\/wp-json\/wp\/v2\/pages"}],"about":[{"href":"https:\/\/festivalmed.cm-loule.pt\/en\/wp-json\/wp\/v2\/types\/page"}],"author":[{"embeddable":true,"href":"https:\/\/festivalmed.cm-loule.pt\/en\/wp-json\/wp\/v2\/users\/2"}],"replies":[{"embeddable":true,"href":"https:\/\/festivalmed.cm-loule.pt\/en\/wp-json\/wp\/v2\/comments?post=11926"}],"version-history":[{"count":92,"href":"https:\/\/festivalmed.cm-loule.pt\/en\/wp-json\/wp\/v2\/pages\/11926\/revisions"}],"predecessor-version":[{"id":11933,"href":"https:\/\/festivalmed.cm-loule.pt\/en\/wp-json\/wp\/v2\/pages\/11926\/revisions\/11933"}],"wp:attachment":[{"href":"https:\/\/festivalmed.cm-loule.pt\/en\/wp-json\/wp\/v2\/media?parent=11926"}],"wp:term":[{"taxonomy":"category","embeddable":true,"href":"https:\/\/festivalmed.cm-loule.pt\/en\/wp-json\/wp\/v2\/categories?post=11926"},{"taxonomy":"post_tag","embeddable":true,"href":"https:\/\/festivalmed.cm-loule.pt\/en\/wp-json\/wp\/v2\/tags?post=11926"},{"taxonomy":"folder","embeddable":true,"href":"https:\/\/festivalmed.cm-loule.pt\/en\/wp-json\/wp\/v2\/folder?post=11926"}],"curies":[{"name":"wp","href":"https:\/\/api.w.org\/{rel}","templated":true}]}}