{"id":11901,"date":"2023-05-02T18:44:11","date_gmt":"2023-05-02T18:44:11","guid":{"rendered":"https:\/\/festivalmed.cm-loule.pt\/?page_id=11901"},"modified":"2025-04-29T12:50:44","modified_gmt":"2025-04-29T11:50:44","slug":"politica-de-cookies","status":"publish","type":"page","link":"https:\/\/festivalmed.cm-loule.pt\/en\/politica-de-cookies\/","title":{"rendered":"Cookie Policy"},"content":{"rendered":"<div class=\"vc_row wpb_row vc_row-fluid qodef-section vc_custom_1683054582807 qodef-content-aligment-left qodef-grid-section\" style=\"\"><div class=\"clearfix qodef-section-inner\"><div class=\"qodef-section-inner-margin clearfix\"><div class=\"wpb_column vc_column_container vc_col-sm-12\"><div class=\"vc_column-inner vc_custom_1622541582114\"><div class=\"wpb_wrapper\">\n\t\t\t<!-- START imagetoppages25 REVOLUTION SLIDER 6.5.11 --><p class=\"rs-p-wp-fix\"><\/p>\n\t\t\t<rs-module-wrap id=\"rev_slider_47_1_wrapper\" data-source=\"gallery\" style=\"visibility:hidden;background:transparent;padding:0;margin:0px auto;margin-top:0;margin-bottom:0;\">\n\t\t\t\t<rs-module id=\"rev_slider_47_1\" class=\" rs-ov-hidden\" style=\"\" data-version=\"6.5.11\">\n\t\t\t\t\t<rs-slides>\n\t\t\t\t\t\t<rs-slide style=\"position: absolute;\" data-key=\"rs-66\" data-title=\"Slide\" data-anim=\"ms:10;\" data-in=\"o:1;\" data-out=\"a:false;\">\n\t\t\t\t\t\t\t<img fetchpriority=\"high\" decoding=\"async\" src=\"\/\/festivalmed.cm-loule.pt\/wp-content\/plugins\/revslider\/public\/assets\/assets\/dummy.png\" title=\"img-site-bg\" width=\"2560\" height=\"2090\" class=\"rev-slidebg tp-rs-img rs-lazyload\" data-lazyload=\"\/\/festivalmed.cm-loule.pt\/wp-content\/uploads\/2016\/09\/img-site-bg-scaled.jpg\" data-parallax=\"3\" data-panzoom=\"d:13000;ss:100;se:110;\" data-no-retina>\n<!---->\t\t\t\t\t\t<\/rs-slide>\n\t\t\t\t\t<\/rs-slides>\n\t\t\t\t<\/rs-module>\n\t\t\t\t<script type=\"text\/javascript\">\n\t\t\t\t\tsetREVStartSize({c: 'rev_slider_47_1',rl:[1240,1024,778,480],el:[300,300,200,150],gw:[1300,800,600,300],gh:[300,300,200,150],type:'standard',justify:'',layout:'fullwidth',mh:\"0\"});if (window.RS_MODULES!==undefined && window.RS_MODULES.modules!==undefined && window.RS_MODULES.modules[\"revslider471\"]!==undefined) {window.RS_MODULES.modules[\"revslider471\"].once = false;window.revapi47 = undefined;if (window.RS_MODULES.checkMinimal!==undefined) window.RS_MODULES.checkMinimal()}\n\t\t\t\t<\/script>\n\t\t\t<\/rs-module-wrap>\n\t\t\t<!-- END REVOLUTION SLIDER -->\n<\/div><\/div><\/div><\/div><\/div><\/div><div class=\"vc_row wpb_row vc_row-fluid qodef-section vc_custom_1683128902837 qodef-content-aligment-left qodef-grid-section\" style=\"\"><div class=\"clearfix qodef-section-inner\"><div class=\"qodef-section-inner-margin clearfix\"><div class=\"wpb_column vc_column_container vc_col-sm-12\"><div class=\"vc_column-inner vc_custom_1622541582114\"><div class=\"wpb_wrapper\"><div class=\"qodef-separator-holder clearfix  qodef-separator-center\">\n\t<div class=\"qodef-separator\" ><\/div>\n<\/div>\n\n\t<div class=\"wpb_text_column wpb_content_element \" >\n\t\t<div class=\"wpb_wrapper\">\n\t\t\t<div class=\"aioseo-breadcrumbs\"><span class=\"aioseo-breadcrumb\">\n\t\t\tHome\n\t\t<\/span><\/div>\n\n\t\t<\/div>\n\t<\/div>\n<\/div><\/div><\/div><\/div><\/div><\/div><div class=\"vc_row wpb_row vc_row-fluid qodef-section vc_custom_1683129039972 qodef-content-aligment-left\" style=\"\"><div class=\"clearfix qodef-full-section-inner\"><div class=\"wpb_column vc_column_container vc_col-sm-12\"><div class=\"vc_column-inner\"><div class=\"wpb_wrapper\">\n\t<div class=\"wpb_text_column wpb_content_element \" >\n\t\t<div class=\"wpb_wrapper\">\n\t\t\t<h2>Pol\u00edtica de Cookies<\/h2>\n\n\t\t<\/div>\n\t<\/div>\n\n\t<div class=\"wpb_text_column wpb_content_element  vc_custom_1745927398112\" >\n\t\t<div class=\"wpb_wrapper\">\n\t\t\t<h4>O que s\u00e3o os cookies e para que servem<\/h4>\n<p>Este website utiliza uma funcionalidade do navegador de internet (browser) conhecida como \u201ccookies\u201d para melhorar o seu desempenho e proporcionar uma melhor e mais eficaz utiliza\u00e7\u00e3o.<\/p>\n<p>Um \u201ccookie\u201d \u00e9 desta forma, uma informa\u00e7\u00e3o armazenada num pequeno ficheiro de texto simples, automaticamente guardado nos discos r\u00edgidos dos computadores ou nos dispositivos m\u00f3veis dos utilizadores quando estes acedem a certos websites, e visam aumentar a rapidez e a efici\u00eancia de resposta do website, eliminando a necessidade de o utilizador ter que introduzir repetidamente as mesmas informa\u00e7\u00f5es sempre que volte a aceder, neste caso, ao website do Festival Med.<\/p>\n<p>A maioria dos programas de navega\u00e7\u00e3o est\u00e3o definidos para aceitar &#8220;cookies&#8221;, embora qualquer utilizador possa configurar o seu \u201cbrowser\u201d por forma a impedir a instala\u00e7\u00e3o de \u201ccookies\u201d no seu computador. Pode configurar os &#8220;cookies&#8221; no menu \u201cop\u00e7\u00f5es\u201d ou \u201cprefer\u00eancias\u201d do seu browser, de modo a aceitar ou recusar a sua utiliza\u00e7\u00e3o, a todo o tempo, em concreto ou no geral. No entanto, tal op\u00e7\u00e3o poder\u00e1 tornar a sua navega\u00e7\u00e3o mais lenta, neste como noutros websites, dificultando o seu desempenho normal.<\/p>\n<h4>Como usamos os cookies<\/h4>\n<p>Ao navegar nesta p\u00e1gina de internet, os \u201ccookies\u201d podem identificar o seu navegador (browser) durante a dura\u00e7\u00e3o da sua visita (\u201ccookies de sess\u00e3o\u201d) ou em visitas posteriores (\u201ccookies persistentes\u201d).<br \/>\nEste website faculta um formul\u00e1rio de contacto e de pedido de informa\u00e7\u00f5es, disponibilizando ainda um endere\u00e7o de correio eletr\u00f3nico para poss\u00edveis contactos por parte do utilizador. Nestes casos, podemos utilizar \u201ccookies\u201d para \u201clembrar\u201d se j\u00e1 utilizou o formul\u00e1rio de contacto, de pedido de informa\u00e7\u00f5es, ou, de detalhes do utilizador para fins de correspond\u00eancia futura. N\u00e3o ser\u00e3o armazenados quaisquer dados pessoais.<\/p>\n<h4>Desativar os cookies<\/h4>\n<p>O utilizador pode impedir a utiliza\u00e7\u00e3o de \u201ccookies\u201d no seu computador, ajustando as configura\u00e7\u00f5es do seu navegador de internet (podendo para o efeito, consultar a se\u00e7\u00e3o \u201cajuda\u201d do seu navegador para saber como o fazer).<br \/>\nNo entanto, como j\u00e1 foi anteriormente referido, a desativa\u00e7\u00e3o de \u201ccookies\u201d afetar\u00e1 o normal funcionamento da sua navega\u00e7\u00e3o na internet, em especial, a operacionalidade desta p\u00e1gina.<\/p>\n<h4>Cookies de entidades terceiras<\/h4>\n<p>O utilizador, ao navegar nesta p\u00e1gina de internet, poder\u00e1 deparar-se com \u201dcookies\u201d de terceiros que poder\u00e3o registar o percurso de navega\u00e7\u00e3o e permitem que, durante o seu per\u00edodo de validade, que estas entidades terceiras determinem os conte\u00fados publicit\u00e1rios, ou outros, que possam suscitar o seu interesse<br \/>\n\u00c9 o caso do Google Analytics, uma das solu\u00e7\u00f5es de an\u00e1lise mais difundidas da Internet, que possibilita saber como os utilizadores navegam no website e como melhorar a sua experi\u00eancia. Estes \u201ccookies\u201d podem rastrear itens como quanto tempo o utilizador gasta e as p\u00e1ginas visitadas, embora de forma agregada (n\u00e3o individualizada), com a anonimiza\u00e7\u00e3o dos IPs.<br \/>\nEste website tamb\u00e9m utiliza diversos \u00edcones e\/ou plug-ins com liga\u00e7\u00f5es a redes sociais, como por exemplo, o Facebook e o Instagram, que poder\u00e3o permitir que as respetivas redes sociais registem o percurso de navega\u00e7\u00e3o no website, desde que o seu browser esteja ligado \u00e0s suas contas pessoais das respetivas redes, mesmo sem as partilhar.<br \/>\nPara obter mais informa\u00e7\u00e3o sobre o uso dos dados recolhidos durante a sua navega\u00e7\u00e3o e sobre o modo como poder\u00e1 configurar as respetivas defini\u00e7\u00f5es de privacidade nas suas contas das redes sociais, recomendamos que consulte as respetivas pol\u00edticas de privacidade.<\/p>\n<h4>Altera\u00e7\u00f5es \u00e0 Pol\u00edtica de cookies<\/h4>\n<p>A lista de \u201ccookies\u201d ser\u00e1 atualizada sempre que necess\u00e1rio, designadamente quando forem modificadas as funcionalidades disponibilizadas atrav\u00e9s deste website, sendo poss\u00edvel que a lista deixe de incluir algum cookie, em espec\u00edfico.<\/p>\n<p>A lista de cookies ser\u00e1 atualizada sempre que necess\u00e1rio, designadamente quando forem modificadas as funcionalidades disponibilizadas atrav\u00e9s deste s\u00edtio, sendo poss\u00edvel que a lista deixe de incluir algum cookie.<\/p>\n<h4>Informa\u00e7\u00f5es finais<\/h4>\n<p>Esperamos que a informa\u00e7\u00e3o aqui prestada tenha sido suficientemente esclarecedora sobre a forma como utilizamos cookies.<br \/>\nCaso necessite de mais informa\u00e7\u00f5es sobre este tema, poder\u00e1 obt\u00ea-las junto da p\u00e1gina de internet da Comiss\u00e3o Nacional de Prote\u00e7\u00e3o de Dados (CNPD): http:\/\/www.cnpd.pt , da p\u00e1gina da Uni\u00e3o Europeia (UE): https:\/\/europa.eu\/european-union\/abouteuropa\/cookies.pt ou ent\u00e3o, entrar em contacto connosco atrav\u00e9s do endere\u00e7o de correio eletr\u00f3nico: festivalmed@cm-loule.pt<\/p>\n\n\t\t<\/div>\n\t<\/div>\n<\/div><\/div><\/div><\/div><\/div>\n","protected":false},"excerpt":{"rendered":"Home Pol\u00edtica de Cookies O que s\u00e3o os cookies e para que servem Este website utiliza uma funcionalidade do navegador...","protected":false},"author":2,"featured_media":0,"parent":0,"menu_order":0,"comment_status":"closed","ping_status":"closed","template":"","meta":{"inline_featured_image":false,"_monsterinsights_skip_tracking":false,"_monsterinsights_sitenote_active":false,"_monsterinsights_sitenote_note":"","_monsterinsights_sitenote_category":0,"footnotes":""},"categories":[],"tags":[],"folder":[],"class_list":["post-11901","page","type-page","status-publish","hentry"],"aioseo_notices":[],"_links":{"self":[{"href":"https:\/\/festivalmed.cm-loule.pt\/en\/wp-json\/wp\/v2\/pages\/11901","targetHints":{"allow":["GET"]}}],"collection":[{"href":"https:\/\/festivalmed.cm-loule.pt\/en\/wp-json\/wp\/v2\/pages"}],"about":[{"href":"https:\/\/festivalmed.cm-loule.pt\/en\/wp-json\/wp\/v2\/types\/page"}],"author":[{"embeddable":true,"href":"https:\/\/festivalmed.cm-loule.pt\/en\/wp-json\/wp\/v2\/users\/2"}],"replies":[{"embeddable":true,"href":"https:\/\/festivalmed.cm-loule.pt\/en\/wp-json\/wp\/v2\/comments?post=11901"}],"version-history":[{"count":25,"href":"https:\/\/festivalmed.cm-loule.pt\/en\/wp-json\/wp\/v2\/pages\/11901\/revisions"}],"predecessor-version":[{"id":15624,"href":"https:\/\/festivalmed.cm-loule.pt\/en\/wp-json\/wp\/v2\/pages\/11901\/revisions\/15624"}],"wp:attachment":[{"href":"https:\/\/festivalmed.cm-loule.pt\/en\/wp-json\/wp\/v2\/media?parent=11901"}],"wp:term":[{"taxonomy":"category","embeddable":true,"href":"https:\/\/festivalmed.cm-loule.pt\/en\/wp-json\/wp\/v2\/categories?post=11901"},{"taxonomy":"post_tag","embeddable":true,"href":"https:\/\/festivalmed.cm-loule.pt\/en\/wp-json\/wp\/v2\/tags?post=11901"},{"taxonomy":"folder","embeddable":true,"href":"https:\/\/festivalmed.cm-loule.pt\/en\/wp-json\/wp\/v2\/folder?post=11901"}],"curies":[{"name":"wp","href":"https:\/\/api.w.org\/{rel}","templated":true}]}}